{"id":441,"date":"2023-05-25T06:51:47","date_gmt":"2023-05-25T06:51:47","guid":{"rendered":"https:\/\/demo.oceanthemes.site\/makaffo\/?page_id=441"},"modified":"2025-03-14T12:21:07","modified_gmt":"2025-03-14T11:21:07","slug":"services","status":"publish","type":"page","link":"https:\/\/www.societe-arcym.com\/?page_id=441","title":{"rendered":"Services"},"content":{"rendered":"\t\t<div data-elementor-type=\"wp-page\" data-elementor-id=\"441\" class=\"elementor elementor-441\">\n\t\t\t\t<div class=\"elementor-element elementor-element-b148cb0 e-flex e-con-boxed e-con e-parent\" data-id=\"b148cb0\" data-element_type=\"container\" data-e-type=\"container\">\n\t\t\t\t\t<div class=\"e-con-inner\">\n\t\t\t\t<div class=\"elementor-element elementor-element-a6a5dc3 elementor-widget elementor-widget-ot-heading\" data-id=\"a6a5dc3\" data-element_type=\"widget\" data-e-type=\"widget\" data-widget_type=\"ot-heading.default\">\n\t\t\t\t<div class=\"elementor-widget-container\">\n\t\t\t\t\t\t\t<div class=\"ot-heading\">\r\n\t        <span class=\"ot-heading__sub\">Societe Arcym<\/span>\t        <h2 class=\"ot-heading__title\">Service d\u2019entretien et de Nettoyage Professionnel<\/h2>\t    <\/div>\r\n\t    \t\t\t\t<\/div>\n\t\t\t\t<\/div>\n\t\t\t\t\t<\/div>\n\t\t\t\t<\/div>\n\t\t<div class=\"elementor-element elementor-element-996a982 e-flex e-con-boxed e-con e-parent\" data-id=\"996a982\" data-element_type=\"container\" data-e-type=\"container\">\n\t\t\t\t\t<div class=\"e-con-inner\">\n\t\t<div class=\"elementor-element elementor-element-d9d8f79 e-con-full e-flex e-con e-child\" data-id=\"d9d8f79\" data-element_type=\"container\" data-e-type=\"container\">\n\t\t\t\t<div class=\"elementor-element elementor-element-f8ac7b6 elementor-widget elementor-widget-shortcode\" data-id=\"f8ac7b6\" data-element_type=\"widget\" data-e-type=\"widget\" data-widget_type=\"shortcode.default\">\n\t\t\t\t<div class=\"elementor-widget-container\">\n\t\t\t\t\t\t\t<div class=\"elementor-shortcode\"><div id=\"metaslider-id-3125\" style=\"width: 100%;\" class=\"ml-slider-3-108-0 metaslider metaslider-flex metaslider-3125 ml-slider has-dots-nav ms-theme-default-base\" role=\"region\" aria-label=\"Nouveau diaporama\" data-height=\"700\" data-width=\"700\">\n    <div id=\"metaslider_container_3125\">\n        <div id=\"metaslider_3125\">\n            <ul class='slides'>\n                <li style=\"display: block; width: 100%;\" class=\"slide-3126 ms-image \" aria-roledescription=\"slide\" data-date=\"2025-02-13 22:41:59\" data-filename=\"WhatsApp-Image-2023-06-07-at-12.24.14-1.jpeg-700x700.jpg\" data-slide-type=\"image\"><img fetchpriority=\"high\" decoding=\"async\" src=\"https:\/\/www.societe-arcym.com\/wp-content\/uploads\/2025\/02\/WhatsApp-Image-2023-06-07-at-12.24.14-1.jpeg-700x700.jpg\" height=\"700\" width=\"700\" alt=\"\" class=\"slider-3125 slide-3126 msDefaultImage\" title=\"WhatsApp Image 2023-06-07 at 12.24.14 (1).jpeg\" \/><\/li>\n                <li style=\"display: none; width: 100%;\" class=\"slide-3127 ms-image \" aria-roledescription=\"slide\" data-date=\"2025-02-13 22:41:59\" data-filename=\"WhatsApp-Image-2023-06-07-at-12.24.12.jpeg-700x700.jpg\" data-slide-type=\"image\"><img decoding=\"async\" src=\"https:\/\/www.societe-arcym.com\/wp-content\/uploads\/2025\/02\/WhatsApp-Image-2023-06-07-at-12.24.12.jpeg-700x700.jpg\" height=\"700\" width=\"700\" alt=\"\" class=\"slider-3125 slide-3127 msDefaultImage\" title=\"WhatsApp Image 2023-06-07 at 12.24.12.jpeg\" \/><\/li>\n                <li style=\"display: none; width: 100%;\" class=\"slide-3128 ms-image \" aria-roledescription=\"slide\" data-date=\"2025-02-13 22:41:59\" data-filename=\"WhatsApp-Image-2023-06-07-at-12.28.48-1.jpeg-700x700.jpg\" data-slide-type=\"image\"><img decoding=\"async\" src=\"https:\/\/www.societe-arcym.com\/wp-content\/uploads\/2025\/02\/WhatsApp-Image-2023-06-07-at-12.28.48-1.jpeg-700x700.jpg\" height=\"700\" width=\"700\" alt=\"\" class=\"slider-3125 slide-3128 msDefaultImage\" title=\"WhatsApp Image 2023-06-07 at 12.28.48 (1).jpeg\" \/><\/li>\n                <li style=\"display: none; width: 100%;\" class=\"slide-3131 ms-image \" aria-roledescription=\"slide\" data-date=\"2025-02-13 22:41:59\" data-filename=\"WhatsApp-Image-2023-06-07-at-12.24.13-3.jpeg-700x700.jpg\" data-slide-type=\"image\"><img loading=\"lazy\" decoding=\"async\" src=\"https:\/\/www.societe-arcym.com\/wp-content\/uploads\/2025\/02\/WhatsApp-Image-2023-06-07-at-12.24.13-3.jpeg-700x700.jpg\" height=\"700\" width=\"700\" alt=\"\" class=\"slider-3125 slide-3131 msDefaultImage\" title=\"WhatsApp Image 2023-06-07 at 12.24.13 (3).jpeg\" \/><\/li>\n            <\/ul>\n        <\/div>\n        \n    <\/div>\n<\/div><\/div>\n\t\t\t\t\t\t<\/div>\n\t\t\t\t<\/div>\n\t\t\t\t<\/div>\n\t\t<div class=\"elementor-element elementor-element-d7b8672 e-con-full e-flex e-con e-child\" data-id=\"d7b8672\" data-element_type=\"container\" data-e-type=\"container\">\n\t\t\t\t<div class=\"elementor-element elementor-element-258db07 elementor-widget elementor-widget-text-editor\" data-id=\"258db07\" data-element_type=\"widget\" data-e-type=\"widget\" data-widget_type=\"text-editor.default\">\n\t\t\t\t<div class=\"elementor-widget-container\">\n\t\t\t\t\t\t\t\t\t<p>Nous vous proposons des services de nettoyage de qualit\u00e9, adapt\u00e9s \u00e0 vos besoins sp\u00e9cifiques, que vous soyez un particulier, une entreprise ou une organisation. Notre \u00e9quipe de professionnels qualifi\u00e9s met son expertise \u00e0 votre disposition pour garantir un environnement propre, sain et agr\u00e9able.<\/p><p><strong>Nos services incluent :<\/strong><\/p><ul><li><strong>Nettoyage des bureaux et d&rsquo;espaces commerciaux<\/strong> : Assurez \u00e0 vos collaborateurs et visiteurs un cadre de travail propre et agr\u00e9able.<\/li><li><strong>Nettoyage apr\u00e8s construction ou r\u00e9novation<\/strong> : \u00c9limination des d\u00e9bris et nettoyage en profondeur pour rendre vos espaces pr\u00eats \u00e0 l\u2019emploi.<\/li><li><strong>Nettoyage industriel et technique<\/strong> : Des prestations adapt\u00e9es aux besoins sp\u00e9cifiques de votre industrie.<\/li><li><strong>Nettoyage des vitres<\/strong> : Pour des fen\u00eatres impeccables et sans traces, quel que soit leur emplacement.<\/li><li><strong>Entretien des parties communes<\/strong> : Pour des immeubles ou copropri\u00e9t\u00e9s toujours en ordre.<\/li><\/ul>\t\t\t\t\t\t\t\t<\/div>\n\t\t\t\t<\/div>\n\t\t\t\t<\/div>\n\t\t\t\t\t<\/div>\n\t\t\t\t<\/div>\n\t\t<div class=\"elementor-element elementor-element-44c2e53 e-flex e-con-boxed e-con e-parent\" data-id=\"44c2e53\" data-element_type=\"container\" data-e-type=\"container\">\n\t\t\t\t\t<div class=\"e-con-inner\">\n\t\t\t\t<div class=\"elementor-element elementor-element-569731d elementor-widget elementor-widget-spacer\" data-id=\"569731d\" data-element_type=\"widget\" data-e-type=\"widget\" data-widget_type=\"spacer.default\">\n\t\t\t\t<div class=\"elementor-widget-container\">\n\t\t\t\t\t\t\t<div class=\"elementor-spacer\">\n\t\t\t<div class=\"elementor-spacer-inner\"><\/div>\n\t\t<\/div>\n\t\t\t\t\t\t<\/div>\n\t\t\t\t<\/div>\n\t\t\t\t<div class=\"elementor-element elementor-element-cc70363 elementor-widget elementor-widget-ot-heading\" data-id=\"cc70363\" data-element_type=\"widget\" data-e-type=\"widget\" data-widget_type=\"ot-heading.default\">\n\t\t\t\t<div class=\"elementor-widget-container\">\n\t\t\t\t\t\t\t<div class=\"ot-heading\">\r\n\t        <span class=\"ot-heading__sub\">Societe Arcym<\/span>\t        <h2 class=\"ot-heading__title\">Plomberie industrielle<\/h2>\t    <\/div>\r\n\t    \t\t\t\t<\/div>\n\t\t\t\t<\/div>\n\t\t\t\t\t<\/div>\n\t\t\t\t<\/div>\n\t\t<div class=\"elementor-element elementor-element-3478bb8 e-flex e-con-boxed e-con e-parent\" data-id=\"3478bb8\" data-element_type=\"container\" data-e-type=\"container\" data-settings=\"{&quot;background_background&quot;:&quot;classic&quot;}\">\n\t\t\t\t\t<div class=\"e-con-inner\">\n\t\t<div class=\"elementor-element elementor-element-cfa594f e-con-full e-flex e-con e-child\" data-id=\"cfa594f\" data-element_type=\"container\" data-e-type=\"container\">\n\t\t\t\t<div class=\"elementor-element elementor-element-65952f3 elementor-widget elementor-widget-shortcode\" data-id=\"65952f3\" data-element_type=\"widget\" data-e-type=\"widget\" data-widget_type=\"shortcode.default\">\n\t\t\t\t<div class=\"elementor-widget-container\">\n\t\t\t\t\t\t\t<div class=\"elementor-shortcode\"><div id=\"metaslider-id-3085\" style=\"width: 100%;\" class=\"ml-slider-3-108-0 metaslider metaslider-flex metaslider-3085 ml-slider has-dots-nav ms-theme-default-base\" role=\"region\" aria-label=\"Nouveau diaporama\" data-height=\"800\" data-width=\"700\">\n    <div id=\"metaslider_container_3085\">\n        <div id=\"metaslider_3085\">\n            <ul class='slides'>\n                <li style=\"display: block; width: 100%;\" class=\"slide-3100 ms-image \" aria-roledescription=\"slide\" data-date=\"2025-02-13 22:32:27\" data-filename=\"IMG_20220524_154330102-scaled-700x800.jpg\" data-slide-type=\"image\"><img loading=\"lazy\" decoding=\"async\" src=\"https:\/\/www.societe-arcym.com\/wp-content\/uploads\/2025\/02\/IMG_20220524_154330102-scaled-700x800.jpg\" height=\"800\" width=\"700\" alt=\"\" class=\"slider-3085 slide-3100 msDefaultImage\" title=\"IMG_20220524_154330102\" \/><\/li>\n                <li style=\"display: none; width: 100%;\" class=\"slide-3102 ms-image \" aria-roledescription=\"slide\" data-date=\"2025-02-13 22:32:27\" data-filename=\"IMG_20220524_162446350-2-scaled-700x800.jpg\" data-slide-type=\"image\"><img loading=\"lazy\" decoding=\"async\" src=\"https:\/\/www.societe-arcym.com\/wp-content\/uploads\/2025\/02\/IMG_20220524_162446350-2-scaled-700x800.jpg\" height=\"800\" width=\"700\" alt=\"\" class=\"slider-3085 slide-3102 msDefaultImage\" title=\"IMG_20220524_162446350 (2)\" \/><\/li>\n                <li style=\"display: none; width: 100%;\" class=\"slide-3103 ms-image \" aria-roledescription=\"slide\" data-date=\"2025-02-13 22:32:27\" data-filename=\"IMG_20220530_162715440-scaled-700x800.jpg\" data-slide-type=\"image\"><img loading=\"lazy\" decoding=\"async\" src=\"https:\/\/www.societe-arcym.com\/wp-content\/uploads\/2025\/02\/IMG_20220530_162715440-scaled-700x800.jpg\" height=\"800\" width=\"700\" alt=\"\" class=\"slider-3085 slide-3103 msDefaultImage\" title=\"IMG_20220530_162715440\" \/><\/li>\n                <li style=\"display: none; width: 100%;\" class=\"slide-3104 ms-image \" aria-roledescription=\"slide\" data-date=\"2025-02-13 22:32:27\" data-filename=\"IMG_20220607_113948059-2-scaled-700x800.jpg\" data-slide-type=\"image\"><img loading=\"lazy\" decoding=\"async\" src=\"https:\/\/www.societe-arcym.com\/wp-content\/uploads\/2025\/02\/IMG_20220607_113948059-2-scaled-700x800.jpg\" height=\"800\" width=\"700\" alt=\"\" class=\"slider-3085 slide-3104 msDefaultImage\" title=\"IMG_20220607_113948059 (2)\" \/><\/li>\n                <li style=\"display: none; width: 100%;\" class=\"slide-3105 ms-image \" aria-roledescription=\"slide\" data-date=\"2025-02-13 22:32:27\" data-filename=\"IMG_20220616_164430297-scaled-700x800.jpg\" data-slide-type=\"image\"><img loading=\"lazy\" decoding=\"async\" src=\"https:\/\/www.societe-arcym.com\/wp-content\/uploads\/2025\/02\/IMG_20220616_164430297-scaled-700x800.jpg\" height=\"800\" width=\"700\" alt=\"\" class=\"slider-3085 slide-3105 msDefaultImage\" title=\"IMG_20220616_164430297\" \/><\/li>\n            <\/ul>\n        <\/div>\n        \n    <\/div>\n<\/div><\/div>\n\t\t\t\t\t\t<\/div>\n\t\t\t\t<\/div>\n\t\t\t\t<\/div>\n\t\t<div class=\"elementor-element elementor-element-e0103e9 e-con-full e-flex e-con e-child\" data-id=\"e0103e9\" data-element_type=\"container\" data-e-type=\"container\">\n\t\t\t\t<div class=\"elementor-element elementor-element-69706dd elementor-widget elementor-widget-text-editor\" data-id=\"69706dd\" data-element_type=\"widget\" data-e-type=\"widget\" data-widget_type=\"text-editor.default\">\n\t\t\t\t<div class=\"elementor-widget-container\">\n\t\t\t\t\t\t\t\t\t<p>\u00a0<\/p><p>Nous offrons des services de plomberie industrielle adapt\u00e9s aux besoins sp\u00e9cifiques des entreprises et des industries. Que ce soit pour l\u2019installation, la maintenance ou la r\u00e9paration des syst\u00e8mes complexes, nous garantissons des solutions durables et performantes.<\/p><p><strong>Nos services incluent :<\/strong><\/p><ul><li><strong>Installation des syst\u00e8mes de plomberie<\/strong> : Mise en place de r\u00e9seaux d\u2019eau, pour les sites industriels, en respectant les normes de s\u00e9curit\u00e9 et de performance.<\/li><li><strong>Entretien pr\u00e9ventif<\/strong> : Inspections r\u00e9guli\u00e8res pour \u00e9viter les pannes et assurer le bon fonctionnement de vos installations. Cela inclut le nettoyage des canalisations, la v\u00e9rification des \u00e9quipements de filtration.<\/li><li><strong>R\u00e9parations et d\u00e9pannages<\/strong> : Interventions rapides pour r\u00e9soudre tout probl\u00e8me li\u00e9 aux fuites, d&rsquo;eaux obstructions ou aux d\u00e9faillances d\u2019\u00e9quipement.<\/li><li><strong>Plomberie pour usines et entrep\u00f4ts<\/strong> : Conception de syst\u00e8mes sur mesure pour r\u00e9pondre aux exigences sp\u00e9cifiques des environnements industriel et domestique.<\/li><\/ul>\t\t\t\t\t\t\t\t<\/div>\n\t\t\t\t<\/div>\n\t\t\t\t<\/div>\n\t\t\t\t\t<\/div>\n\t\t\t\t<\/div>\n\t\t<div class=\"elementor-element elementor-element-9acad14 e-flex e-con-boxed e-con e-parent\" data-id=\"9acad14\" data-element_type=\"container\" data-e-type=\"container\">\n\t\t\t\t\t<div class=\"e-con-inner\">\n\t\t\t\t<div class=\"elementor-element elementor-element-49ab1a2 elementor-widget elementor-widget-spacer\" data-id=\"49ab1a2\" data-element_type=\"widget\" data-e-type=\"widget\" data-widget_type=\"spacer.default\">\n\t\t\t\t<div class=\"elementor-widget-container\">\n\t\t\t\t\t\t\t<div class=\"elementor-spacer\">\n\t\t\t<div class=\"elementor-spacer-inner\"><\/div>\n\t\t<\/div>\n\t\t\t\t\t\t<\/div>\n\t\t\t\t<\/div>\n\t\t\t\t\t<\/div>\n\t\t\t\t<\/div>\n\t\t<div class=\"elementor-element elementor-element-80d4b86 e-flex e-con-boxed e-con e-parent\" data-id=\"80d4b86\" data-element_type=\"container\" data-e-type=\"container\">\n\t\t\t\t\t<div class=\"e-con-inner\">\n\t\t<div class=\"elementor-element elementor-element-ba6345d e-con-full e-flex e-con e-child\" data-id=\"ba6345d\" data-element_type=\"container\" data-e-type=\"container\">\n\t\t<div class=\"elementor-element elementor-element-0e82c24 e-con-full e-flex e-con e-child\" data-id=\"0e82c24\" data-element_type=\"container\" data-e-type=\"container\">\n\t\t\t\t<div class=\"elementor-element elementor-element-de6d273 elementor-view-framed elementor-shape-circle elementor-widget elementor-widget-icon\" data-id=\"de6d273\" data-element_type=\"widget\" data-e-type=\"widget\" data-widget_type=\"icon.default\">\n\t\t\t\t<div class=\"elementor-widget-container\">\n\t\t\t\t\t\t\t<div class=\"elementor-icon-wrapper\">\n\t\t\t<div class=\"elementor-icon\">\n\t\t\t<svg aria-hidden=\"true\" class=\"e-font-icon-svg e-fas-truck\" viewBox=\"0 0 640 512\" xmlns=\"http:\/\/www.w3.org\/2000\/svg\"><path d=\"M624 352h-16V243.9c0-12.7-5.1-24.9-14.1-33.9L494 110.1c-9-9-21.2-14.1-33.9-14.1H416V48c0-26.5-21.5-48-48-48H48C21.5 0 0 21.5 0 48v320c0 26.5 21.5 48 48 48h16c0 53 43 96 96 96s96-43 96-96h128c0 53 43 96 96 96s96-43 96-96h48c8.8 0 16-7.2 16-16v-32c0-8.8-7.2-16-16-16zM160 464c-26.5 0-48-21.5-48-48s21.5-48 48-48 48 21.5 48 48-21.5 48-48 48zm320 0c-26.5 0-48-21.5-48-48s21.5-48 48-48 48 21.5 48 48-21.5 48-48 48zm80-208H416V144h44.1l99.9 99.9V256z\"><\/path><\/svg>\t\t\t<\/div>\n\t\t<\/div>\n\t\t\t\t\t\t<\/div>\n\t\t\t\t<\/div>\n\t\t\t\t<div class=\"elementor-element elementor-element-4cc9c2d elementor-widget elementor-widget-heading\" data-id=\"4cc9c2d\" data-element_type=\"widget\" data-e-type=\"widget\" data-widget_type=\"heading.default\">\n\t\t\t\t<div class=\"elementor-widget-container\">\n\t\t\t\t\t<h2 class=\"elementor-heading-title elementor-size-default\">Livraison<\/h2>\t\t\t\t<\/div>\n\t\t\t\t<\/div>\n\t\t\t\t<div class=\"elementor-element elementor-element-726b11f elementor-widget elementor-widget-text-editor\" data-id=\"726b11f\" data-element_type=\"widget\" data-e-type=\"widget\" data-widget_type=\"text-editor.default\">\n\t\t\t\t<div class=\"elementor-widget-container\">\n\t\t\t\t\t\t\t\t\t<p>Livraison gratuite d\u00e8s 200\u20ac d\u2019achats<\/p>\t\t\t\t\t\t\t\t<\/div>\n\t\t\t\t<\/div>\n\t\t\t\t<\/div>\n\t\t\t\t<\/div>\n\t\t<div class=\"elementor-element elementor-element-3de0740 e-con-full e-flex e-con e-child\" data-id=\"3de0740\" data-element_type=\"container\" data-e-type=\"container\">\n\t\t<div class=\"elementor-element elementor-element-b162c26 e-con-full e-flex e-con e-child\" data-id=\"b162c26\" data-element_type=\"container\" data-e-type=\"container\">\n\t\t\t\t<div class=\"elementor-element elementor-element-863f43d elementor-view-framed elementor-shape-circle elementor-widget elementor-widget-icon\" data-id=\"863f43d\" data-element_type=\"widget\" data-e-type=\"widget\" data-widget_type=\"icon.default\">\n\t\t\t\t<div class=\"elementor-widget-container\">\n\t\t\t\t\t\t\t<div class=\"elementor-icon-wrapper\">\n\t\t\t<div class=\"elementor-icon\">\n\t\t\t<svg aria-hidden=\"true\" class=\"e-font-icon-svg e-fas-door-open\" viewBox=\"0 0 640 512\" xmlns=\"http:\/\/www.w3.org\/2000\/svg\"><path d=\"M624 448h-80V113.45C544 86.19 522.47 64 496 64H384v64h96v384h144c8.84 0 16-7.16 16-16v-32c0-8.84-7.16-16-16-16zM312.24 1.01l-192 49.74C105.99 54.44 96 67.7 96 82.92V448H16c-8.84 0-16 7.16-16 16v32c0 8.84 7.16 16 16 16h336V33.18c0-21.58-19.56-37.41-39.76-32.17zM264 288c-13.25 0-24-14.33-24-32s10.75-32 24-32 24 14.33 24 32-10.75 32-24 32z\"><\/path><\/svg>\t\t\t<\/div>\n\t\t<\/div>\n\t\t\t\t\t\t<\/div>\n\t\t\t\t<\/div>\n\t\t\t\t<div class=\"elementor-element elementor-element-8496936 elementor-widget elementor-widget-heading\" data-id=\"8496936\" data-element_type=\"widget\" data-e-type=\"widget\" data-widget_type=\"heading.default\">\n\t\t\t\t<div class=\"elementor-widget-container\">\n\t\t\t\t\t<h2 class=\"elementor-heading-title elementor-size-default\">Ouverture<\/h2>\t\t\t\t<\/div>\n\t\t\t\t<\/div>\n\t\t\t\t<div class=\"elementor-element elementor-element-35b0106 elementor-widget elementor-widget-text-editor\" data-id=\"35b0106\" data-element_type=\"widget\" data-e-type=\"widget\" data-widget_type=\"text-editor.default\">\n\t\t\t\t<div class=\"elementor-widget-container\">\n\t\t\t\t\t\t\t\t\t<p>Lundi au Vendredi : 08h00 \u2013 17h00 et samedi : 08h00 \u2013 12h30<\/p>\t\t\t\t\t\t\t\t<\/div>\n\t\t\t\t<\/div>\n\t\t\t\t<\/div>\n\t\t\t\t<\/div>\n\t\t<div class=\"elementor-element elementor-element-35389b6 e-con-full e-flex e-con e-child\" data-id=\"35389b6\" data-element_type=\"container\" data-e-type=\"container\">\n\t\t<div class=\"elementor-element elementor-element-0afab56 e-con-full e-flex e-con e-child\" data-id=\"0afab56\" data-element_type=\"container\" data-e-type=\"container\">\n\t\t\t\t<div class=\"elementor-element elementor-element-9cf5c9b elementor-view-framed elementor-shape-circle elementor-widget elementor-widget-icon\" data-id=\"9cf5c9b\" data-element_type=\"widget\" data-e-type=\"widget\" data-widget_type=\"icon.default\">\n\t\t\t\t<div class=\"elementor-widget-container\">\n\t\t\t\t\t\t\t<div class=\"elementor-icon-wrapper\">\n\t\t\t<div class=\"elementor-icon\">\n\t\t\t<i aria-hidden=\"true\" class=\"icon icon-Money\"><\/i>\t\t\t<\/div>\n\t\t<\/div>\n\t\t\t\t\t\t<\/div>\n\t\t\t\t<\/div>\n\t\t\t\t<div class=\"elementor-element elementor-element-f32d30c elementor-widget elementor-widget-heading\" data-id=\"f32d30c\" data-element_type=\"widget\" data-e-type=\"widget\" data-widget_type=\"heading.default\">\n\t\t\t\t<div class=\"elementor-widget-container\">\n\t\t\t\t\t<h2 class=\"elementor-heading-title elementor-size-default\">Paiement<\/h2>\t\t\t\t<\/div>\n\t\t\t\t<\/div>\n\t\t\t\t<div class=\"elementor-element elementor-element-2eb30c8 elementor-widget elementor-widget-text-editor\" data-id=\"2eb30c8\" data-element_type=\"widget\" data-e-type=\"widget\" data-widget_type=\"text-editor.default\">\n\t\t\t\t<div class=\"elementor-widget-container\">\n\t\t\t\t\t\t\t\t\t<p>Paiement \u00e0 la commande<\/p>\t\t\t\t\t\t\t\t<\/div>\n\t\t\t\t<\/div>\n\t\t\t\t<\/div>\n\t\t\t\t<\/div>\n\t\t\t\t\t<\/div>\n\t\t\t\t<\/div>\n\t\t\t\t<\/div>\n\t\t","protected":false},"excerpt":{"rendered":"<p>Societe Arcym Service d\u2019entretien et de Nettoyage Professionnel Nous vous proposons des services de nettoyage de qualit\u00e9, adapt\u00e9s \u00e0 vos besoins sp\u00e9cifiques, que vous soyez un particulier, une entreprise ou une organisation. Notre \u00e9quipe de professionnels qualifi\u00e9s met son expertise \u00e0 votre disposition pour garantir un environnement propre, sain et agr\u00e9able. Nos services incluent : [&hellip;]<\/p>\n","protected":false},"author":1,"featured_media":0,"parent":0,"menu_order":0,"comment_status":"closed","ping_status":"closed","template":"","meta":{"footnotes":""},"class_list":["post-441","page","type-page","status-publish","hentry"],"_links":{"self":[{"href":"https:\/\/www.societe-arcym.com\/index.php?rest_route=\/wp\/v2\/pages\/441","targetHints":{"allow":["GET"]}}],"collection":[{"href":"https:\/\/www.societe-arcym.com\/index.php?rest_route=\/wp\/v2\/pages"}],"about":[{"href":"https:\/\/www.societe-arcym.com\/index.php?rest_route=\/wp\/v2\/types\/page"}],"author":[{"embeddable":true,"href":"https:\/\/www.societe-arcym.com\/index.php?rest_route=\/wp\/v2\/users\/1"}],"replies":[{"embeddable":true,"href":"https:\/\/www.societe-arcym.com\/index.php?rest_route=%2Fwp%2Fv2%2Fcomments&post=441"}],"version-history":[{"count":192,"href":"https:\/\/www.societe-arcym.com\/index.php?rest_route=\/wp\/v2\/pages\/441\/revisions"}],"predecessor-version":[{"id":3486,"href":"https:\/\/www.societe-arcym.com\/index.php?rest_route=\/wp\/v2\/pages\/441\/revisions\/3486"}],"wp:attachment":[{"href":"https:\/\/www.societe-arcym.com\/index.php?rest_route=%2Fwp%2Fv2%2Fmedia&parent=441"}],"curies":[{"name":"wp","href":"https:\/\/api.w.org\/{rel}","templated":true}]}}