{"id":2583,"date":"2025-02-01T21:35:31","date_gmt":"2025-02-01T20:35:31","guid":{"rendered":"https:\/\/societe-arcym.com\/?post_type=product&#038;p=2583"},"modified":"2025-03-01T08:29:44","modified_gmt":"2025-03-01T07:29:44","slug":"mallette","status":"publish","type":"product","link":"https:\/\/www.societe-arcym.com\/?product=mallette","title":{"rendered":"coffret de secours Professionnel"},"content":{"rendered":"<p>Mallette en plastique rigide, solide et compacte.<br \/>\nContenu du coffret Professionnel :<\/p>\n<p>1 paire de ciseaux rouges<br \/>\n1 pince \u00e0 \u00e9chardes<br \/>\n3 paires de gants vinyl<br \/>\n5 \u00e9pingles de s\u00fbret\u00e9<br \/>\n10 compresses de gaze 100 % coton (5&#215;5 cm)<br \/>\n10 pansements classiques (19 x72 mm)<br \/>\n10 pansements classiques (25&#215;72 mm)<br \/>\n3 pansements ampoules (34&#215;54 mm)<br \/>\n3 pansements ampoules (20&#215;65 mm)<br \/>\n5 bandes extensibles (3 m x7 cm)<br \/>\n3 rouleaux de Sparadrap tiss\u00e9 s\u00e9cable (5 m x 1.25 cm)<br \/>\n2 pansements absorbants st\u00e9riles (20 cm x 20 cm)<br \/>\n1 spray chlorhexidine Septimyl 0.5 % 100 ml<br \/>\n1 \u00e9tui de 6 unidoses de 5 ml de s\u00e9rum physiologique<br \/>\n1 sachet de 20 g de coton<br \/>\n1 tube de gel Arnicrise 50 ml<br \/>\n1 couverture de survie<br \/>\n1 flacon d&rsquo;alcool\u00a0de\u00a0menthe\u00a030\u00a0ml<\/p>\n","protected":false},"excerpt":{"rendered":"<p>Mallette en plastique rigide, solide et compacte. Contenu du coffret Professionnel : 1 paire de ciseaux rouges 1 pince \u00e0 \u00e9chardes 3 paires de gants vinyl 5 \u00e9pingles de s\u00fbret\u00e9 10 compresses de gaze 100 % coton (5&#215;5 cm) 10 pansements classiques (19 x72 mm) 10 pansements classiques (25&#215;72 mm) 3 pansements ampoules (34&#215;54 mm) [&hellip;]<\/p>\n","protected":false},"featured_media":2119,"comment_status":"open","ping_status":"closed","template":"","meta":[],"product_brand":[],"product_cat":[81],"product_tag":[],"class_list":{"0":"post-2583","1":"product","2":"type-product","3":"status-publish","4":"has-post-thumbnail","6":"product_cat-hygiene","8":"first","9":"instock","10":"shipping-taxable","11":"product-type-simple"},"_links":{"self":[{"href":"https:\/\/www.societe-arcym.com\/index.php?rest_route=\/wp\/v2\/product\/2583","targetHints":{"allow":["GET"]}}],"collection":[{"href":"https:\/\/www.societe-arcym.com\/index.php?rest_route=\/wp\/v2\/product"}],"about":[{"href":"https:\/\/www.societe-arcym.com\/index.php?rest_route=\/wp\/v2\/types\/product"}],"replies":[{"embeddable":true,"href":"https:\/\/www.societe-arcym.com\/index.php?rest_route=%2Fwp%2Fv2%2Fcomments&post=2583"}],"wp:featuredmedia":[{"embeddable":true,"href":"https:\/\/www.societe-arcym.com\/index.php?rest_route=\/wp\/v2\/media\/2119"}],"wp:attachment":[{"href":"https:\/\/www.societe-arcym.com\/index.php?rest_route=%2Fwp%2Fv2%2Fmedia&parent=2583"}],"wp:term":[{"taxonomy":"product_brand","embeddable":true,"href":"https:\/\/www.societe-arcym.com\/index.php?rest_route=%2Fwp%2Fv2%2Fproduct_brand&post=2583"},{"taxonomy":"product_cat","embeddable":true,"href":"https:\/\/www.societe-arcym.com\/index.php?rest_route=%2Fwp%2Fv2%2Fproduct_cat&post=2583"},{"taxonomy":"product_tag","embeddable":true,"href":"https:\/\/www.societe-arcym.com\/index.php?rest_route=%2Fwp%2Fv2%2Fproduct_tag&post=2583"}],"curies":[{"name":"wp","href":"https:\/\/api.w.org\/{rel}","templated":true}]}}