{"id":2584,"date":"2025-02-01T21:44:12","date_gmt":"2025-02-01T20:44:12","guid":{"rendered":"https:\/\/societe-arcym.com\/?post_type=product&#038;p=2584"},"modified":"2025-03-01T08:27:17","modified_gmt":"2025-03-01T07:27:17","slug":"couvre-chef-jetable","status":"publish","type":"product","link":"https:\/\/www.societe-arcym.com\/?product=couvre-chef-jetable","title":{"rendered":"Couvre chef jetable"},"content":{"rendered":"<p>Couvre chef jetable \u00e0 usage professionnel<br \/>\nCaract\u00e9ristiques<\/p>\n<p>Propri\u00e9t\u00e9s<\/p>\n<p><strong>Taille :<\/strong> 14.5*9.5cm,17.5*9.5, 18-24&Prime;<\/p>\n<p><strong>Mat\u00e9riel :<\/strong> Pp, tissu non tiss\u00e9 de pp<br \/>\n<strong>Certification de qualit\u00e9 :<\/strong> CE<br \/>\n<strong>Classification des instruments :<\/strong> Classe I<br \/>\n<strong>Emballage :<\/strong> 100 pi\u00e8ces\/sac,<\/p>\n<p><strong>Utilisation :<\/strong> H\u00f4pital m\u00e9dical<br \/>\n<strong>Type :<\/strong> Fournitures chirurgicales<br \/>\n<strong>Application :<\/strong>\u00a0 H\u00f4pital, chirurgical, industrie alimentaire, restaurant, travail, m\u00e9dical<br \/>\n<strong>Style<\/strong><br \/>\n&#8211; \u00c9lastique simple, double \u00e9lastique<br \/>\n<strong>Couleur :\u00a0<\/strong>bleu<br \/>\n<strong>Gramme de poids : <\/strong>10 \u00e0 14 g\/m\u00b2<br \/>\n<strong>Norme de s\u00e9curit\u00e9 : <\/strong>GB15979-2002<br \/>\n<strong>Taille : <\/strong>14.5*9.5cm,17.5*9.5,\u00a018-24&Prime;<\/p>\n","protected":false},"excerpt":{"rendered":"<p>Couvre chef jetable \u00e0 usage professionnel Caract\u00e9ristiques Propri\u00e9t\u00e9s Taille : 14.5*9.5cm,17.5*9.5, 18-24&Prime; Mat\u00e9riel : Pp, tissu non tiss\u00e9 de pp Certification de qualit\u00e9 : CE Classification des instruments : Classe I Emballage : 100 pi\u00e8ces\/sac, Utilisation : H\u00f4pital m\u00e9dical Type : Fournitures chirurgicales Application :\u00a0 H\u00f4pital, chirurgical, industrie alimentaire, restaurant, travail, m\u00e9dical Style &#8211; \u00c9lastique [&hellip;]<\/p>\n","protected":false},"featured_media":2120,"comment_status":"open","ping_status":"closed","template":"","meta":[],"product_brand":[],"product_cat":[81],"product_tag":[],"class_list":{"0":"post-2584","1":"product","2":"type-product","3":"status-publish","4":"has-post-thumbnail","6":"product_cat-hygiene","8":"first","9":"instock","10":"shipping-taxable","11":"product-type-simple"},"_links":{"self":[{"href":"https:\/\/www.societe-arcym.com\/index.php?rest_route=\/wp\/v2\/product\/2584","targetHints":{"allow":["GET"]}}],"collection":[{"href":"https:\/\/www.societe-arcym.com\/index.php?rest_route=\/wp\/v2\/product"}],"about":[{"href":"https:\/\/www.societe-arcym.com\/index.php?rest_route=\/wp\/v2\/types\/product"}],"replies":[{"embeddable":true,"href":"https:\/\/www.societe-arcym.com\/index.php?rest_route=%2Fwp%2Fv2%2Fcomments&post=2584"}],"wp:featuredmedia":[{"embeddable":true,"href":"https:\/\/www.societe-arcym.com\/index.php?rest_route=\/wp\/v2\/media\/2120"}],"wp:attachment":[{"href":"https:\/\/www.societe-arcym.com\/index.php?rest_route=%2Fwp%2Fv2%2Fmedia&parent=2584"}],"wp:term":[{"taxonomy":"product_brand","embeddable":true,"href":"https:\/\/www.societe-arcym.com\/index.php?rest_route=%2Fwp%2Fv2%2Fproduct_brand&post=2584"},{"taxonomy":"product_cat","embeddable":true,"href":"https:\/\/www.societe-arcym.com\/index.php?rest_route=%2Fwp%2Fv2%2Fproduct_cat&post=2584"},{"taxonomy":"product_tag","embeddable":true,"href":"https:\/\/www.societe-arcym.com\/index.php?rest_route=%2Fwp%2Fv2%2Fproduct_tag&post=2584"}],"curies":[{"name":"wp","href":"https:\/\/api.w.org\/{rel}","templated":true}]}}