{"id":2585,"date":"2025-02-01T21:48:09","date_gmt":"2025-02-01T20:48:09","guid":{"rendered":"https:\/\/societe-arcym.com\/?post_type=product&#038;p=2585"},"modified":"2025-03-01T08:22:54","modified_gmt":"2025-03-01T07:22:54","slug":"couvre-chaussures","status":"publish","type":"product","link":"https:\/\/www.societe-arcym.com\/?product=couvre-chaussures","title":{"rendered":"Couvre chaussures"},"content":{"rendered":"<p>Couvre chaussures de pluie jetable recyclable imperm\u00e9able antid\u00e9rapant<\/p>\n<p><strong>Mat\u00e9riel : <\/strong>Plastique<br \/>\n<strong>Taille :<\/strong> 15*36cm,15*39cm,15*40cm 16*40cm<br \/>\n<strong>Poids :<\/strong> 1.5g-4.5g<br \/>\n<strong>Couleur :<\/strong> Bleu<br \/>\n<strong>Utilisation :<\/strong> H\u00f4pital, h\u00f4tel, maison\u00a0et\u00a0maison,\u00a0etc.<\/p>\n","protected":false},"excerpt":{"rendered":"<p>Couvre chaussures de pluie jetable recyclable imperm\u00e9able antid\u00e9rapant Mat\u00e9riel : Plastique Taille : 15*36cm,15*39cm,15*40cm 16*40cm Poids : 1.5g-4.5g Couleur : Bleu Utilisation : H\u00f4pital, h\u00f4tel, maison\u00a0et\u00a0maison,\u00a0etc.<\/p>\n","protected":false},"featured_media":2127,"comment_status":"open","ping_status":"closed","template":"","meta":[],"product_brand":[],"product_cat":[81],"product_tag":[],"class_list":{"0":"post-2585","1":"product","2":"type-product","3":"status-publish","4":"has-post-thumbnail","6":"product_cat-hygiene","8":"first","9":"instock","10":"shipping-taxable","11":"product-type-simple"},"_links":{"self":[{"href":"https:\/\/www.societe-arcym.com\/index.php?rest_route=\/wp\/v2\/product\/2585","targetHints":{"allow":["GET"]}}],"collection":[{"href":"https:\/\/www.societe-arcym.com\/index.php?rest_route=\/wp\/v2\/product"}],"about":[{"href":"https:\/\/www.societe-arcym.com\/index.php?rest_route=\/wp\/v2\/types\/product"}],"replies":[{"embeddable":true,"href":"https:\/\/www.societe-arcym.com\/index.php?rest_route=%2Fwp%2Fv2%2Fcomments&post=2585"}],"wp:featuredmedia":[{"embeddable":true,"href":"https:\/\/www.societe-arcym.com\/index.php?rest_route=\/wp\/v2\/media\/2127"}],"wp:attachment":[{"href":"https:\/\/www.societe-arcym.com\/index.php?rest_route=%2Fwp%2Fv2%2Fmedia&parent=2585"}],"wp:term":[{"taxonomy":"product_brand","embeddable":true,"href":"https:\/\/www.societe-arcym.com\/index.php?rest_route=%2Fwp%2Fv2%2Fproduct_brand&post=2585"},{"taxonomy":"product_cat","embeddable":true,"href":"https:\/\/www.societe-arcym.com\/index.php?rest_route=%2Fwp%2Fv2%2Fproduct_cat&post=2585"},{"taxonomy":"product_tag","embeddable":true,"href":"https:\/\/www.societe-arcym.com\/index.php?rest_route=%2Fwp%2Fv2%2Fproduct_tag&post=2585"}],"curies":[{"name":"wp","href":"https:\/\/api.w.org\/{rel}","templated":true}]}}