{"id":2588,"date":"2025-02-01T22:28:35","date_gmt":"2025-02-01T21:28:35","guid":{"rendered":"https:\/\/societe-arcym.com\/?post_type=product&#038;p=2588"},"modified":"2025-03-01T08:17:49","modified_gmt":"2025-03-01T07:17:49","slug":"masque-facial-medical","status":"publish","type":"product","link":"https:\/\/www.societe-arcym.com\/?product=masque-facial-medical","title":{"rendered":"Masque facial m\u00e9dical"},"content":{"rendered":"<p>Masque facial jetable non tiss\u00e9<\/p>\n<p>Non st\u00e9rile et st\u00e9rile<br \/>\n<strong>Taille :\u00a0<\/strong>17.5*9.5CM,14.5*9CM<br \/>\n<strong>Couleur : <\/strong>bleu<\/p>\n<p><strong>Mat\u00e9riel :\u00a0<\/strong>PP<br \/>\n<strong>Certification de qualit\u00e9 :\u00a0<\/strong>CE\/ISO13485<br \/>\n<strong>Classification des instruments :\u00a0<\/strong>Classe I<br \/>\n<strong>Norme de s\u00e9curit\u00e9 :<\/strong><br \/>\n<strong>R\u00e9f\u00e9rence :<\/strong> EN14683<\/p>\n","protected":false},"excerpt":{"rendered":"<p>Masque facial jetable non tiss\u00e9 Non st\u00e9rile et st\u00e9rile Taille :\u00a017.5*9.5CM,14.5*9CM Couleur : bleu Mat\u00e9riel :\u00a0PP Certification de qualit\u00e9 :\u00a0CE\/ISO13485 Classification des instruments :\u00a0Classe I Norme de s\u00e9curit\u00e9 : R\u00e9f\u00e9rence : EN14683<\/p>\n","protected":false},"featured_media":2431,"comment_status":"open","ping_status":"closed","template":"","meta":[],"product_brand":[],"product_cat":[81],"product_tag":[],"class_list":{"0":"post-2588","1":"product","2":"type-product","3":"status-publish","4":"has-post-thumbnail","6":"product_cat-hygiene","8":"first","9":"instock","10":"shipping-taxable","11":"product-type-simple"},"_links":{"self":[{"href":"https:\/\/www.societe-arcym.com\/index.php?rest_route=\/wp\/v2\/product\/2588","targetHints":{"allow":["GET"]}}],"collection":[{"href":"https:\/\/www.societe-arcym.com\/index.php?rest_route=\/wp\/v2\/product"}],"about":[{"href":"https:\/\/www.societe-arcym.com\/index.php?rest_route=\/wp\/v2\/types\/product"}],"replies":[{"embeddable":true,"href":"https:\/\/www.societe-arcym.com\/index.php?rest_route=%2Fwp%2Fv2%2Fcomments&post=2588"}],"wp:featuredmedia":[{"embeddable":true,"href":"https:\/\/www.societe-arcym.com\/index.php?rest_route=\/wp\/v2\/media\/2431"}],"wp:attachment":[{"href":"https:\/\/www.societe-arcym.com\/index.php?rest_route=%2Fwp%2Fv2%2Fmedia&parent=2588"}],"wp:term":[{"taxonomy":"product_brand","embeddable":true,"href":"https:\/\/www.societe-arcym.com\/index.php?rest_route=%2Fwp%2Fv2%2Fproduct_brand&post=2588"},{"taxonomy":"product_cat","embeddable":true,"href":"https:\/\/www.societe-arcym.com\/index.php?rest_route=%2Fwp%2Fv2%2Fproduct_cat&post=2588"},{"taxonomy":"product_tag","embeddable":true,"href":"https:\/\/www.societe-arcym.com\/index.php?rest_route=%2Fwp%2Fv2%2Fproduct_tag&post=2588"}],"curies":[{"name":"wp","href":"https:\/\/api.w.org\/{rel}","templated":true}]}}