{"id":2592,"date":"2025-02-01T22:34:38","date_gmt":"2025-02-01T21:34:38","guid":{"rendered":"https:\/\/societe-arcym.com\/?post_type=product&#038;p=2592"},"modified":"2025-03-01T08:09:35","modified_gmt":"2025-03-01T07:09:35","slug":"polo-manches-courtes","status":"publish","type":"product","link":"https:\/\/www.societe-arcym.com\/?product=polo-manches-courtes","title":{"rendered":"Polo manches courtes"},"content":{"rendered":"<p><strong>Mat\u00e9riel<\/strong>\u00a0: tissu tricot 100% polyester, tissu \u00e0 mailles, tissu \u00e0 oeil d&rsquo;oiseau multicolores hautement r\u00e9fl\u00e9chissants<\/p>\n<p><strong>Poids<\/strong>\u00a0: 120 gsm \/ 110 gsm \/ 80 gsm \/ 60 gsm<\/p>\n<p><strong>Taille<\/strong>\u00a0: S \/ M \/ L \/ XL<\/p>\n<p><strong>Couleur<\/strong>\u00a0: Jaune flou \/ Orange flou \/ Bleu<\/p>\n<p>Bande r\u00e9fl\u00e9chissante ignifuge \/ bande de PVC \/ bande r\u00e9fl\u00e9chissante de tissu \/ bande d&rsquo;avertissement tiss\u00e9e, Etc.<\/p>\n<p><strong>Certificat<\/strong>\u00a0: ENISO 20471, ENISO 1150, ANSI 107, OEKO-TEX 100<\/p>\n","protected":false},"excerpt":{"rendered":"<p>Mat\u00e9riel\u00a0: tissu tricot 100% polyester, tissu \u00e0 mailles, tissu \u00e0 oeil d&rsquo;oiseau multicolores hautement r\u00e9fl\u00e9chissants Poids\u00a0: 120 gsm \/ 110 gsm \/ 80 gsm \/ 60 gsm Taille\u00a0: S \/ M \/ L \/ XL Couleur\u00a0: Jaune flou \/ Orange flou \/ Bleu Bande r\u00e9fl\u00e9chissante ignifuge \/ bande de PVC \/ bande r\u00e9fl\u00e9chissante de tissu [&hellip;]<\/p>\n","protected":false},"featured_media":1828,"comment_status":"open","ping_status":"closed","template":"","meta":[],"product_brand":[],"product_cat":[60],"product_tag":[],"class_list":{"0":"post-2592","1":"product","2":"type-product","3":"status-publish","4":"has-post-thumbnail","6":"product_cat-vetements","8":"first","9":"instock","10":"shipping-taxable","11":"product-type-simple"},"_links":{"self":[{"href":"https:\/\/www.societe-arcym.com\/index.php?rest_route=\/wp\/v2\/product\/2592","targetHints":{"allow":["GET"]}}],"collection":[{"href":"https:\/\/www.societe-arcym.com\/index.php?rest_route=\/wp\/v2\/product"}],"about":[{"href":"https:\/\/www.societe-arcym.com\/index.php?rest_route=\/wp\/v2\/types\/product"}],"replies":[{"embeddable":true,"href":"https:\/\/www.societe-arcym.com\/index.php?rest_route=%2Fwp%2Fv2%2Fcomments&post=2592"}],"wp:featuredmedia":[{"embeddable":true,"href":"https:\/\/www.societe-arcym.com\/index.php?rest_route=\/wp\/v2\/media\/1828"}],"wp:attachment":[{"href":"https:\/\/www.societe-arcym.com\/index.php?rest_route=%2Fwp%2Fv2%2Fmedia&parent=2592"}],"wp:term":[{"taxonomy":"product_brand","embeddable":true,"href":"https:\/\/www.societe-arcym.com\/index.php?rest_route=%2Fwp%2Fv2%2Fproduct_brand&post=2592"},{"taxonomy":"product_cat","embeddable":true,"href":"https:\/\/www.societe-arcym.com\/index.php?rest_route=%2Fwp%2Fv2%2Fproduct_cat&post=2592"},{"taxonomy":"product_tag","embeddable":true,"href":"https:\/\/www.societe-arcym.com\/index.php?rest_route=%2Fwp%2Fv2%2Fproduct_tag&post=2592"}],"curies":[{"name":"wp","href":"https:\/\/api.w.org\/{rel}","templated":true}]}}