{"id":2595,"date":"2025-02-01T22:42:17","date_gmt":"2025-02-01T21:42:17","guid":{"rendered":"https:\/\/societe-arcym.com\/?post_type=product&#038;p=2595"},"modified":"2025-03-01T08:05:09","modified_gmt":"2025-03-01T07:05:09","slug":"vetement-de-travail","status":"publish","type":"product","link":"https:\/\/www.societe-arcym.com\/?product=vetement-de-travail","title":{"rendered":"Veste de travail"},"content":{"rendered":"<p>Veste de travail en coton<\/p>\n<p>&nbsp;<\/p>\n<p>1- Fil \u00e0 coudre intrins\u00e8quement aramide<\/p>\n<p>2- Tissu FRARCTEX FR Ultrasoft<\/p>\n<p>3- Front avec bouton en plastique FR<\/p>\n<p>4- UL class\u00e9 NFPA 2112-2018<\/p>\n<p>5- NFPA 70E PPE<\/p>\n<p>6- ASTM F1506<\/p>\n<p>7- ATPV 8.2 cal\/cm2, HRC\/CAT 2<\/p>\n<p>8- 100% coton 260g<\/p>\n","protected":false},"excerpt":{"rendered":"<p>Veste de travail en coton &nbsp; 1- Fil \u00e0 coudre intrins\u00e8quement aramide 2- Tissu FRARCTEX FR Ultrasoft 3- Front avec bouton en plastique FR 4- UL class\u00e9 NFPA 2112-2018 5- NFPA 70E PPE 6- ASTM F1506 7- ATPV 8.2 cal\/cm2, HRC\/CAT 2 8- 100% coton 260g<\/p>\n","protected":false},"featured_media":1819,"comment_status":"open","ping_status":"closed","template":"","meta":[],"product_brand":[],"product_cat":[60],"product_tag":[],"class_list":{"0":"post-2595","1":"product","2":"type-product","3":"status-publish","4":"has-post-thumbnail","6":"product_cat-vetements","8":"first","9":"instock","10":"shipping-taxable","11":"product-type-simple"},"_links":{"self":[{"href":"https:\/\/www.societe-arcym.com\/index.php?rest_route=\/wp\/v2\/product\/2595","targetHints":{"allow":["GET"]}}],"collection":[{"href":"https:\/\/www.societe-arcym.com\/index.php?rest_route=\/wp\/v2\/product"}],"about":[{"href":"https:\/\/www.societe-arcym.com\/index.php?rest_route=\/wp\/v2\/types\/product"}],"replies":[{"embeddable":true,"href":"https:\/\/www.societe-arcym.com\/index.php?rest_route=%2Fwp%2Fv2%2Fcomments&post=2595"}],"wp:featuredmedia":[{"embeddable":true,"href":"https:\/\/www.societe-arcym.com\/index.php?rest_route=\/wp\/v2\/media\/1819"}],"wp:attachment":[{"href":"https:\/\/www.societe-arcym.com\/index.php?rest_route=%2Fwp%2Fv2%2Fmedia&parent=2595"}],"wp:term":[{"taxonomy":"product_brand","embeddable":true,"href":"https:\/\/www.societe-arcym.com\/index.php?rest_route=%2Fwp%2Fv2%2Fproduct_brand&post=2595"},{"taxonomy":"product_cat","embeddable":true,"href":"https:\/\/www.societe-arcym.com\/index.php?rest_route=%2Fwp%2Fv2%2Fproduct_cat&post=2595"},{"taxonomy":"product_tag","embeddable":true,"href":"https:\/\/www.societe-arcym.com\/index.php?rest_route=%2Fwp%2Fv2%2Fproduct_tag&post=2595"}],"curies":[{"name":"wp","href":"https:\/\/api.w.org\/{rel}","templated":true}]}}