{"id":2601,"date":"2025-02-01T23:44:29","date_gmt":"2025-02-01T22:44:29","guid":{"rendered":"https:\/\/societe-arcym.com\/?post_type=product&#038;p=2601"},"modified":"2025-02-15T07:44:08","modified_gmt":"2025-02-15T06:44:08","slug":"casque-anti-bruit","status":"publish","type":"product","link":"https:\/\/www.societe-arcym.com\/?product=casque-anti-bruit","title":{"rendered":"Casque anti-bruit"},"content":{"rendered":"<p>Casque de s\u00e9curit\u00e9 anti bruit 3M Peltor Optime 98<\/p>\n<p>&nbsp;<\/p>\n<p><strong>Mat\u00e9riel :\u00a0<\/strong>ABS<\/p>\n<p><strong>Taille :\u00a0<\/strong>40X40X46.5 cm<\/p>\n<p><strong>Emballage :\u00a0<\/strong>1pc<\/p>\n<p>&nbsp;<\/p>\n","protected":false},"excerpt":{"rendered":"<p>Casque de s\u00e9curit\u00e9 anti bruit 3M Peltor Optime 98 &nbsp; Mat\u00e9riel :\u00a0ABS Taille :\u00a040X40X46.5 cm Emballage :\u00a01pc &nbsp;<\/p>\n","protected":false},"featured_media":2101,"comment_status":"open","ping_status":"closed","template":"","meta":[],"product_brand":[],"product_cat":[74],"product_tag":[],"class_list":{"0":"post-2601","1":"product","2":"type-product","3":"status-publish","4":"has-post-thumbnail","6":"product_cat-tete","8":"first","9":"instock","10":"shipping-taxable","11":"product-type-simple"},"_links":{"self":[{"href":"https:\/\/www.societe-arcym.com\/index.php?rest_route=\/wp\/v2\/product\/2601","targetHints":{"allow":["GET"]}}],"collection":[{"href":"https:\/\/www.societe-arcym.com\/index.php?rest_route=\/wp\/v2\/product"}],"about":[{"href":"https:\/\/www.societe-arcym.com\/index.php?rest_route=\/wp\/v2\/types\/product"}],"replies":[{"embeddable":true,"href":"https:\/\/www.societe-arcym.com\/index.php?rest_route=%2Fwp%2Fv2%2Fcomments&post=2601"}],"wp:featuredmedia":[{"embeddable":true,"href":"https:\/\/www.societe-arcym.com\/index.php?rest_route=\/wp\/v2\/media\/2101"}],"wp:attachment":[{"href":"https:\/\/www.societe-arcym.com\/index.php?rest_route=%2Fwp%2Fv2%2Fmedia&parent=2601"}],"wp:term":[{"taxonomy":"product_brand","embeddable":true,"href":"https:\/\/www.societe-arcym.com\/index.php?rest_route=%2Fwp%2Fv2%2Fproduct_brand&post=2601"},{"taxonomy":"product_cat","embeddable":true,"href":"https:\/\/www.societe-arcym.com\/index.php?rest_route=%2Fwp%2Fv2%2Fproduct_cat&post=2601"},{"taxonomy":"product_tag","embeddable":true,"href":"https:\/\/www.societe-arcym.com\/index.php?rest_route=%2Fwp%2Fv2%2Fproduct_tag&post=2601"}],"curies":[{"name":"wp","href":"https:\/\/api.w.org\/{rel}","templated":true}]}}