{"id":2607,"date":"2025-02-02T01:54:01","date_gmt":"2025-02-02T00:54:01","guid":{"rendered":"https:\/\/societe-arcym.com\/?post_type=product&#038;p=2607"},"modified":"2025-03-01T08:01:00","modified_gmt":"2025-03-01T07:01:00","slug":"gants-jetables","status":"publish","type":"product","link":"https:\/\/www.societe-arcym.com\/?product=gants-jetables","title":{"rendered":"Gants jetables"},"content":{"rendered":"<p>Gants jetables en latex poudr\u00e9s<br \/>\n0,08 mm d&rsquo;\u00e9paisseur 250 mm<\/p>\n<p>Champs d&rsquo;application : Industrie agroalimentaire &#8211; Poisson, viande et volaille, Produits laitiers, P\u00e2tisserie, Analyses de laboratoire et travaux techniques, Pr\u00e9paration de produits pharmaceutiques, Inspection de produits, Assemblage \u00e9lectronique<\/p>\n<p><strong>Secteur d&rsquo;activit\u00e9 : <\/strong>Automobile et fabrication de pi\u00e8ces d\u00e9tach\u00e9es &#8211; A\u00e9ronautique &#8211; <strong>Restauration &#8211; <\/strong><\/p>\n<p><strong>Industries chimiques :<\/strong> Industries alimentaires &#8211; Nettoyage industriel &#8211; Laboratoire &#8211; Maintenance &#8211; M\u00e9dical et pharmaceutique &#8211; P\u00e9trochimie &#8211; Industries de l&rsquo;imprimerie Traitement\u00a0des\u00a0eaux<\/p>\n","protected":false},"excerpt":{"rendered":"<p>Gants jetables en latex poudr\u00e9s 0,08 mm d&rsquo;\u00e9paisseur 250 mm Champs d&rsquo;application : Industrie agroalimentaire &#8211; Poisson, viande et volaille, Produits laitiers, P\u00e2tisserie, Analyses de laboratoire et travaux techniques, Pr\u00e9paration de produits pharmaceutiques, Inspection de produits, Assemblage \u00e9lectronique Secteur d&rsquo;activit\u00e9 : Automobile et fabrication de pi\u00e8ces d\u00e9tach\u00e9es &#8211; A\u00e9ronautique &#8211; Restauration &#8211; Industries chimiques : [&hellip;]<\/p>\n","protected":false},"featured_media":2638,"comment_status":"open","ping_status":"closed","template":"","meta":[],"product_brand":[],"product_cat":[64],"product_tag":[],"class_list":{"0":"post-2607","1":"product","2":"type-product","3":"status-publish","4":"has-post-thumbnail","6":"product_cat-gants","8":"first","9":"instock","10":"shipping-taxable","11":"product-type-simple"},"_links":{"self":[{"href":"https:\/\/www.societe-arcym.com\/index.php?rest_route=\/wp\/v2\/product\/2607","targetHints":{"allow":["GET"]}}],"collection":[{"href":"https:\/\/www.societe-arcym.com\/index.php?rest_route=\/wp\/v2\/product"}],"about":[{"href":"https:\/\/www.societe-arcym.com\/index.php?rest_route=\/wp\/v2\/types\/product"}],"replies":[{"embeddable":true,"href":"https:\/\/www.societe-arcym.com\/index.php?rest_route=%2Fwp%2Fv2%2Fcomments&post=2607"}],"wp:featuredmedia":[{"embeddable":true,"href":"https:\/\/www.societe-arcym.com\/index.php?rest_route=\/wp\/v2\/media\/2638"}],"wp:attachment":[{"href":"https:\/\/www.societe-arcym.com\/index.php?rest_route=%2Fwp%2Fv2%2Fmedia&parent=2607"}],"wp:term":[{"taxonomy":"product_brand","embeddable":true,"href":"https:\/\/www.societe-arcym.com\/index.php?rest_route=%2Fwp%2Fv2%2Fproduct_brand&post=2607"},{"taxonomy":"product_cat","embeddable":true,"href":"https:\/\/www.societe-arcym.com\/index.php?rest_route=%2Fwp%2Fv2%2Fproduct_cat&post=2607"},{"taxonomy":"product_tag","embeddable":true,"href":"https:\/\/www.societe-arcym.com\/index.php?rest_route=%2Fwp%2Fv2%2Fproduct_tag&post=2607"}],"curies":[{"name":"wp","href":"https:\/\/api.w.org\/{rel}","templated":true}]}}