{"id":2640,"date":"2025-02-02T01:58:03","date_gmt":"2025-02-02T00:58:03","guid":{"rendered":"https:\/\/societe-arcym.com\/?post_type=product&#038;p=2640"},"modified":"2025-03-01T07:58:03","modified_gmt":"2025-03-01T06:58:03","slug":"blouse-chirurgicale","status":"publish","type":"product","link":"https:\/\/www.societe-arcym.com\/?product=blouse-chirurgicale","title":{"rendered":"Blouse chirurgicale"},"content":{"rendered":"<p>Blouse chirurgicale non st\u00e9rile jetable ISO 13485 Sp\u00e9cification<\/p>\n<p><strong>Certification de qualit\u00e9 :\u00a0<\/strong>CE<\/p>\n<p><strong>Norme de s\u00e9curit\u00e9<\/strong><br \/>\n<strong>R\u00e9f\u00e9rence<\/strong>: EN13975<br \/>\n<strong>Classification des instruments : <\/strong>Classe II<\/p>\n","protected":false},"excerpt":{"rendered":"<p>Blouse chirurgicale non st\u00e9rile jetable ISO 13485 Sp\u00e9cification Certification de qualit\u00e9 :\u00a0CE Norme de s\u00e9curit\u00e9 R\u00e9f\u00e9rence: EN13975 Classification des instruments : Classe II<\/p>\n","protected":false},"featured_media":2637,"comment_status":"open","ping_status":"closed","template":"","meta":[],"product_brand":[],"product_cat":[81],"product_tag":[],"class_list":{"0":"post-2640","1":"product","2":"type-product","3":"status-publish","4":"has-post-thumbnail","6":"product_cat-hygiene","8":"first","9":"instock","10":"shipping-taxable","11":"product-type-simple"},"_links":{"self":[{"href":"https:\/\/www.societe-arcym.com\/index.php?rest_route=\/wp\/v2\/product\/2640","targetHints":{"allow":["GET"]}}],"collection":[{"href":"https:\/\/www.societe-arcym.com\/index.php?rest_route=\/wp\/v2\/product"}],"about":[{"href":"https:\/\/www.societe-arcym.com\/index.php?rest_route=\/wp\/v2\/types\/product"}],"replies":[{"embeddable":true,"href":"https:\/\/www.societe-arcym.com\/index.php?rest_route=%2Fwp%2Fv2%2Fcomments&post=2640"}],"wp:featuredmedia":[{"embeddable":true,"href":"https:\/\/www.societe-arcym.com\/index.php?rest_route=\/wp\/v2\/media\/2637"}],"wp:attachment":[{"href":"https:\/\/www.societe-arcym.com\/index.php?rest_route=%2Fwp%2Fv2%2Fmedia&parent=2640"}],"wp:term":[{"taxonomy":"product_brand","embeddable":true,"href":"https:\/\/www.societe-arcym.com\/index.php?rest_route=%2Fwp%2Fv2%2Fproduct_brand&post=2640"},{"taxonomy":"product_cat","embeddable":true,"href":"https:\/\/www.societe-arcym.com\/index.php?rest_route=%2Fwp%2Fv2%2Fproduct_cat&post=2640"},{"taxonomy":"product_tag","embeddable":true,"href":"https:\/\/www.societe-arcym.com\/index.php?rest_route=%2Fwp%2Fv2%2Fproduct_tag&post=2640"}],"curies":[{"name":"wp","href":"https:\/\/api.w.org\/{rel}","templated":true}]}}