{"id":2655,"date":"2025-02-02T03:54:33","date_gmt":"2025-02-02T02:54:33","guid":{"rendered":"https:\/\/societe-arcym.com\/?post_type=product&#038;p=2655"},"modified":"2025-02-28T23:29:09","modified_gmt":"2025-02-28T22:29:09","slug":"combinaison-de-securite-industrielle-jetable","status":"publish","type":"product","link":"https:\/\/www.societe-arcym.com\/?product=combinaison-de-securite-industrielle-jetable","title":{"rendered":"Combinaison de s\u00e9curit\u00e9 industrielle jetable"},"content":{"rendered":"<p>Combinaison de s\u00e9curit\u00e9 industrielle jetable 3M 4515<br \/>\n<strong>Nom de marque :<\/strong> 3M<\/p>\n<p><strong>Mat\u00e9riel :\u00a0<\/strong>Polyester<\/p>\n<p><strong>Couleur :\u00a0<\/strong>Blanc<\/p>\n<p><strong>Application :\u00a0<\/strong>Industriel<\/p>\n","protected":false},"excerpt":{"rendered":"<p>Combinaison de s\u00e9curit\u00e9 industrielle jetable 3M 4515 Nom de marque : 3M Mat\u00e9riel :\u00a0Polyester Couleur :\u00a0Blanc Application :\u00a0Industriel<\/p>\n","protected":false},"featured_media":2625,"comment_status":"open","ping_status":"closed","template":"","meta":[],"product_brand":[],"product_cat":[60],"product_tag":[],"class_list":{"0":"post-2655","1":"product","2":"type-product","3":"status-publish","4":"has-post-thumbnail","6":"product_cat-vetements","8":"first","9":"instock","10":"shipping-taxable","11":"product-type-simple"},"_links":{"self":[{"href":"https:\/\/www.societe-arcym.com\/index.php?rest_route=\/wp\/v2\/product\/2655","targetHints":{"allow":["GET"]}}],"collection":[{"href":"https:\/\/www.societe-arcym.com\/index.php?rest_route=\/wp\/v2\/product"}],"about":[{"href":"https:\/\/www.societe-arcym.com\/index.php?rest_route=\/wp\/v2\/types\/product"}],"replies":[{"embeddable":true,"href":"https:\/\/www.societe-arcym.com\/index.php?rest_route=%2Fwp%2Fv2%2Fcomments&post=2655"}],"wp:featuredmedia":[{"embeddable":true,"href":"https:\/\/www.societe-arcym.com\/index.php?rest_route=\/wp\/v2\/media\/2625"}],"wp:attachment":[{"href":"https:\/\/www.societe-arcym.com\/index.php?rest_route=%2Fwp%2Fv2%2Fmedia&parent=2655"}],"wp:term":[{"taxonomy":"product_brand","embeddable":true,"href":"https:\/\/www.societe-arcym.com\/index.php?rest_route=%2Fwp%2Fv2%2Fproduct_brand&post=2655"},{"taxonomy":"product_cat","embeddable":true,"href":"https:\/\/www.societe-arcym.com\/index.php?rest_route=%2Fwp%2Fv2%2Fproduct_cat&post=2655"},{"taxonomy":"product_tag","embeddable":true,"href":"https:\/\/www.societe-arcym.com\/index.php?rest_route=%2Fwp%2Fv2%2Fproduct_tag&post=2655"}],"curies":[{"name":"wp","href":"https:\/\/api.w.org\/{rel}","templated":true}]}}