{"id":2658,"date":"2025-02-02T07:39:29","date_gmt":"2025-02-02T06:39:29","guid":{"rendered":"https:\/\/societe-arcym.com\/?post_type=product&#038;p=2658"},"modified":"2025-02-28T23:24:28","modified_gmt":"2025-02-28T22:24:28","slug":"tablier-en-cuir","status":"publish","type":"product","link":"https:\/\/www.societe-arcym.com\/?product=tablier-en-cuir","title":{"rendered":"Tablier en cuir"},"content":{"rendered":"<p>Tablier en cui<\/p>\n<p><strong>Mat\u00e9riel :\u00a0<\/strong>Cuir v\u00e9ritable\/Polyester\/Coton<br \/>\n<strong>Caract\u00e9ristique :\u00a0<\/strong>Anti-boulochage, Anti-r\u00e9tr\u00e9cissement, Respirant, S\u00e9chage rapide, Confortable, Pas de d\u00e9coloration Anti-r\u00e9tr\u00e9cissement, Durable<\/p>\n<p><strong>Style :\u00a0<\/strong>Tablier de soudure, tablier de charpentier, tablier de boucher, tablier de m\u00e9canicien<br \/>\n<strong>Utilisation :\u00a0<\/strong>Protection individuelle<\/p>\n","protected":false},"excerpt":{"rendered":"<p>Tablier en cui Mat\u00e9riel :\u00a0Cuir v\u00e9ritable\/Polyester\/Coton Caract\u00e9ristique :\u00a0Anti-boulochage, Anti-r\u00e9tr\u00e9cissement, Respirant, S\u00e9chage rapide, Confortable, Pas de d\u00e9coloration Anti-r\u00e9tr\u00e9cissement, Durable Style :\u00a0Tablier de soudure, tablier de charpentier, tablier de boucher, tablier de m\u00e9canicien Utilisation :\u00a0Protection individuelle<\/p>\n","protected":false},"featured_media":2612,"comment_status":"open","ping_status":"closed","template":"","meta":[],"product_brand":[],"product_cat":[60],"product_tag":[],"class_list":{"0":"post-2658","1":"product","2":"type-product","3":"status-publish","4":"has-post-thumbnail","6":"product_cat-vetements","8":"first","9":"instock","10":"shipping-taxable","11":"product-type-simple"},"_links":{"self":[{"href":"https:\/\/www.societe-arcym.com\/index.php?rest_route=\/wp\/v2\/product\/2658","targetHints":{"allow":["GET"]}}],"collection":[{"href":"https:\/\/www.societe-arcym.com\/index.php?rest_route=\/wp\/v2\/product"}],"about":[{"href":"https:\/\/www.societe-arcym.com\/index.php?rest_route=\/wp\/v2\/types\/product"}],"replies":[{"embeddable":true,"href":"https:\/\/www.societe-arcym.com\/index.php?rest_route=%2Fwp%2Fv2%2Fcomments&post=2658"}],"wp:featuredmedia":[{"embeddable":true,"href":"https:\/\/www.societe-arcym.com\/index.php?rest_route=\/wp\/v2\/media\/2612"}],"wp:attachment":[{"href":"https:\/\/www.societe-arcym.com\/index.php?rest_route=%2Fwp%2Fv2%2Fmedia&parent=2658"}],"wp:term":[{"taxonomy":"product_brand","embeddable":true,"href":"https:\/\/www.societe-arcym.com\/index.php?rest_route=%2Fwp%2Fv2%2Fproduct_brand&post=2658"},{"taxonomy":"product_cat","embeddable":true,"href":"https:\/\/www.societe-arcym.com\/index.php?rest_route=%2Fwp%2Fv2%2Fproduct_cat&post=2658"},{"taxonomy":"product_tag","embeddable":true,"href":"https:\/\/www.societe-arcym.com\/index.php?rest_route=%2Fwp%2Fv2%2Fproduct_tag&post=2658"}],"curies":[{"name":"wp","href":"https:\/\/api.w.org\/{rel}","templated":true}]}}