{"id":2706,"date":"2025-02-02T16:41:57","date_gmt":"2025-02-02T15:41:57","guid":{"rendered":"https:\/\/societe-arcym.com\/?post_type=product&#038;p=2706"},"modified":"2025-02-28T23:07:03","modified_gmt":"2025-02-28T22:07:03","slug":"gants-de-soudure","status":"publish","type":"product","link":"https:\/\/www.societe-arcym.com\/?product=gants-de-soudure","title":{"rendered":"Gants de soudure"},"content":{"rendered":"<p>Gants de soudure en peau de vache r\u00e9sistant \u00e0 la chaleur (HR). Main avec doublure polaire en coton. Manchette avec doublure en toile. Longueur: 35 cm.<br \/>\nCuir de vachette fendu trait\u00e9 r\u00e9sistant \u00e0 la chaleur.<\/p>\n<p>\u00c9paisseur entre : 1.2 et 1.4mm.<\/p>\n<p>poids : 300Gr.<\/p>\n","protected":false},"excerpt":{"rendered":"<p>Gants de soudure en peau de vache r\u00e9sistant \u00e0 la chaleur (HR). Main avec doublure polaire en coton. Manchette avec doublure en toile. Longueur: 35 cm. Cuir de vachette fendu trait\u00e9 r\u00e9sistant \u00e0 la chaleur. \u00c9paisseur entre : 1.2 et 1.4mm. poids : 300Gr.<\/p>\n","protected":false},"featured_media":2688,"comment_status":"open","ping_status":"closed","template":"","meta":[],"product_brand":[],"product_cat":[64],"product_tag":[],"class_list":{"0":"post-2706","1":"product","2":"type-product","3":"status-publish","4":"has-post-thumbnail","6":"product_cat-gants","8":"first","9":"instock","10":"shipping-taxable","11":"product-type-simple"},"_links":{"self":[{"href":"https:\/\/www.societe-arcym.com\/index.php?rest_route=\/wp\/v2\/product\/2706","targetHints":{"allow":["GET"]}}],"collection":[{"href":"https:\/\/www.societe-arcym.com\/index.php?rest_route=\/wp\/v2\/product"}],"about":[{"href":"https:\/\/www.societe-arcym.com\/index.php?rest_route=\/wp\/v2\/types\/product"}],"replies":[{"embeddable":true,"href":"https:\/\/www.societe-arcym.com\/index.php?rest_route=%2Fwp%2Fv2%2Fcomments&post=2706"}],"wp:featuredmedia":[{"embeddable":true,"href":"https:\/\/www.societe-arcym.com\/index.php?rest_route=\/wp\/v2\/media\/2688"}],"wp:attachment":[{"href":"https:\/\/www.societe-arcym.com\/index.php?rest_route=%2Fwp%2Fv2%2Fmedia&parent=2706"}],"wp:term":[{"taxonomy":"product_brand","embeddable":true,"href":"https:\/\/www.societe-arcym.com\/index.php?rest_route=%2Fwp%2Fv2%2Fproduct_brand&post=2706"},{"taxonomy":"product_cat","embeddable":true,"href":"https:\/\/www.societe-arcym.com\/index.php?rest_route=%2Fwp%2Fv2%2Fproduct_cat&post=2706"},{"taxonomy":"product_tag","embeddable":true,"href":"https:\/\/www.societe-arcym.com\/index.php?rest_route=%2Fwp%2Fv2%2Fproduct_tag&post=2706"}],"curies":[{"name":"wp","href":"https:\/\/api.w.org\/{rel}","templated":true}]}}