{"id":2707,"date":"2025-02-02T16:45:01","date_gmt":"2025-02-02T15:45:01","guid":{"rendered":"https:\/\/societe-arcym.com\/?post_type=product&#038;p=2707"},"modified":"2025-02-28T23:04:28","modified_gmt":"2025-02-28T22:04:28","slug":"gant-de-travail-en-cuir-delta","status":"publish","type":"product","link":"https:\/\/www.societe-arcym.com\/?product=gant-de-travail-en-cuir-delta","title":{"rendered":"Gant de travail en cuir DELTA Plus"},"content":{"rendered":"<p><strong>Nom du produit :\u00a0<\/strong>Gant de travail en cuir DELTA Plus 204160 Gants de travail, de s\u00e9curit\u00e9<\/p>\n<p><strong>Mat\u00e9riaux :\u00a0<\/strong>Peau de vache<\/p>\n<p>Les poignets sont serr\u00e9s pour les emp\u00eacher de tomber, excellente prise en main du pouce ail\u00e9<\/p>\n<p>Les produits ont pass\u00e9 la certification ISO9000 et obtenu la certification CE.<\/p>\n","protected":false},"excerpt":{"rendered":"<p>Nom du produit :\u00a0Gant de travail en cuir DELTA Plus 204160 Gants de travail, de s\u00e9curit\u00e9 Mat\u00e9riaux :\u00a0Peau de vache Les poignets sont serr\u00e9s pour les emp\u00eacher de tomber, excellente prise en main du pouce ail\u00e9 Les produits ont pass\u00e9 la certification ISO9000 et obtenu la certification CE.<\/p>\n","protected":false},"featured_media":2684,"comment_status":"open","ping_status":"closed","template":"","meta":[],"product_brand":[],"product_cat":[64],"product_tag":[],"class_list":{"0":"post-2707","1":"product","2":"type-product","3":"status-publish","4":"has-post-thumbnail","6":"product_cat-gants","8":"first","9":"instock","10":"shipping-taxable","11":"product-type-simple"},"_links":{"self":[{"href":"https:\/\/www.societe-arcym.com\/index.php?rest_route=\/wp\/v2\/product\/2707","targetHints":{"allow":["GET"]}}],"collection":[{"href":"https:\/\/www.societe-arcym.com\/index.php?rest_route=\/wp\/v2\/product"}],"about":[{"href":"https:\/\/www.societe-arcym.com\/index.php?rest_route=\/wp\/v2\/types\/product"}],"replies":[{"embeddable":true,"href":"https:\/\/www.societe-arcym.com\/index.php?rest_route=%2Fwp%2Fv2%2Fcomments&post=2707"}],"wp:featuredmedia":[{"embeddable":true,"href":"https:\/\/www.societe-arcym.com\/index.php?rest_route=\/wp\/v2\/media\/2684"}],"wp:attachment":[{"href":"https:\/\/www.societe-arcym.com\/index.php?rest_route=%2Fwp%2Fv2%2Fmedia&parent=2707"}],"wp:term":[{"taxonomy":"product_brand","embeddable":true,"href":"https:\/\/www.societe-arcym.com\/index.php?rest_route=%2Fwp%2Fv2%2Fproduct_brand&post=2707"},{"taxonomy":"product_cat","embeddable":true,"href":"https:\/\/www.societe-arcym.com\/index.php?rest_route=%2Fwp%2Fv2%2Fproduct_cat&post=2707"},{"taxonomy":"product_tag","embeddable":true,"href":"https:\/\/www.societe-arcym.com\/index.php?rest_route=%2Fwp%2Fv2%2Fproduct_tag&post=2707"}],"curies":[{"name":"wp","href":"https:\/\/api.w.org\/{rel}","templated":true}]}}