{"id":2711,"date":"2025-02-02T17:08:15","date_gmt":"2025-02-02T16:08:15","guid":{"rendered":"https:\/\/societe-arcym.com\/?post_type=product&#038;p=2711"},"modified":"2025-02-28T22:59:52","modified_gmt":"2025-02-28T21:59:52","slug":"gants-en-caoutchouc","status":"publish","type":"product","link":"https:\/\/www.societe-arcym.com\/?product=gants-en-caoutchouc","title":{"rendered":"Gants en caoutchouc"},"content":{"rendered":"<p>Gants en caoutchouc pour manipulation des produits chimiques,\u00a0laboratoire<\/p>\n<p>Sp\u00e9cification<\/p>\n<p>Anti-huile \u00e9pais non doubl\u00e9 r\u00e9utilisable \u00e0 manches longues vert nitrile industriel r\u00e9sistant aux produits chimiques gants de protection<\/p>\n<p><strong>Fonction :\u00a0<\/strong>Travail chimique\/nettoyage\/vaisselle\/etc.<\/p>\n<p><strong>Mat\u00e9riel :\u00a0<\/strong>Nitrile<\/p>\n<p><strong>Longueur :\u00a0<\/strong>33cm-50cm<\/p>\n<p><strong>Couleur disponible :\u00a0<\/strong>Verte<\/p>\n","protected":false},"excerpt":{"rendered":"<p>Gants en caoutchouc pour manipulation des produits chimiques,\u00a0laboratoire Sp\u00e9cification Anti-huile \u00e9pais non doubl\u00e9 r\u00e9utilisable \u00e0 manches longues vert nitrile industriel r\u00e9sistant aux produits chimiques gants de protection Fonction :\u00a0Travail chimique\/nettoyage\/vaisselle\/etc. Mat\u00e9riel :\u00a0Nitrile Longueur :\u00a033cm-50cm Couleur disponible :\u00a0Verte<\/p>\n","protected":false},"featured_media":2675,"comment_status":"open","ping_status":"closed","template":"","meta":[],"product_brand":[],"product_cat":[81],"product_tag":[],"class_list":{"0":"post-2711","1":"product","2":"type-product","3":"status-publish","4":"has-post-thumbnail","6":"product_cat-hygiene","8":"first","9":"instock","10":"shipping-taxable","11":"product-type-simple"},"_links":{"self":[{"href":"https:\/\/www.societe-arcym.com\/index.php?rest_route=\/wp\/v2\/product\/2711","targetHints":{"allow":["GET"]}}],"collection":[{"href":"https:\/\/www.societe-arcym.com\/index.php?rest_route=\/wp\/v2\/product"}],"about":[{"href":"https:\/\/www.societe-arcym.com\/index.php?rest_route=\/wp\/v2\/types\/product"}],"replies":[{"embeddable":true,"href":"https:\/\/www.societe-arcym.com\/index.php?rest_route=%2Fwp%2Fv2%2Fcomments&post=2711"}],"wp:featuredmedia":[{"embeddable":true,"href":"https:\/\/www.societe-arcym.com\/index.php?rest_route=\/wp\/v2\/media\/2675"}],"wp:attachment":[{"href":"https:\/\/www.societe-arcym.com\/index.php?rest_route=%2Fwp%2Fv2%2Fmedia&parent=2711"}],"wp:term":[{"taxonomy":"product_brand","embeddable":true,"href":"https:\/\/www.societe-arcym.com\/index.php?rest_route=%2Fwp%2Fv2%2Fproduct_brand&post=2711"},{"taxonomy":"product_cat","embeddable":true,"href":"https:\/\/www.societe-arcym.com\/index.php?rest_route=%2Fwp%2Fv2%2Fproduct_cat&post=2711"},{"taxonomy":"product_tag","embeddable":true,"href":"https:\/\/www.societe-arcym.com\/index.php?rest_route=%2Fwp%2Fv2%2Fproduct_tag&post=2711"}],"curies":[{"name":"wp","href":"https:\/\/api.w.org\/{rel}","templated":true}]}}