{"id":2712,"date":"2025-02-02T17:17:36","date_gmt":"2025-02-02T16:17:36","guid":{"rendered":"https:\/\/societe-arcym.com\/?post_type=product&#038;p=2712"},"modified":"2025-02-15T00:21:07","modified_gmt":"2025-02-14T23:21:07","slug":"casquette-de-securite","status":"publish","type":"product","link":"https:\/\/www.societe-arcym.com\/?product=casquette-de-securite","title":{"rendered":"Casquette de s\u00e9curit\u00e9"},"content":{"rendered":"<p>Casquette de s\u00e9curit\u00e9 l\u00e9ger r\u00e9sistant aux chocs avec coque int\u00e9rieure en ABS, doublure en Coton, bande r\u00e9fl\u00e9chissante, capuchon de charge de 15KN,\u00a0poids\u00a0200\u00a0g<\/p>\n","protected":false},"excerpt":{"rendered":"<p>Casquette de s\u00e9curit\u00e9 l\u00e9ger r\u00e9sistant aux chocs avec coque int\u00e9rieure en ABS, doublure en Coton, bande r\u00e9fl\u00e9chissante, capuchon de charge de 15KN,\u00a0poids\u00a0200\u00a0g<\/p>\n","protected":false},"featured_media":2668,"comment_status":"open","ping_status":"closed","template":"","meta":[],"product_brand":[],"product_cat":[74],"product_tag":[],"class_list":{"0":"post-2712","1":"product","2":"type-product","3":"status-publish","4":"has-post-thumbnail","6":"product_cat-tete","8":"first","9":"instock","10":"shipping-taxable","11":"product-type-simple"},"_links":{"self":[{"href":"https:\/\/www.societe-arcym.com\/index.php?rest_route=\/wp\/v2\/product\/2712","targetHints":{"allow":["GET"]}}],"collection":[{"href":"https:\/\/www.societe-arcym.com\/index.php?rest_route=\/wp\/v2\/product"}],"about":[{"href":"https:\/\/www.societe-arcym.com\/index.php?rest_route=\/wp\/v2\/types\/product"}],"replies":[{"embeddable":true,"href":"https:\/\/www.societe-arcym.com\/index.php?rest_route=%2Fwp%2Fv2%2Fcomments&post=2712"}],"wp:featuredmedia":[{"embeddable":true,"href":"https:\/\/www.societe-arcym.com\/index.php?rest_route=\/wp\/v2\/media\/2668"}],"wp:attachment":[{"href":"https:\/\/www.societe-arcym.com\/index.php?rest_route=%2Fwp%2Fv2%2Fmedia&parent=2712"}],"wp:term":[{"taxonomy":"product_brand","embeddable":true,"href":"https:\/\/www.societe-arcym.com\/index.php?rest_route=%2Fwp%2Fv2%2Fproduct_brand&post=2712"},{"taxonomy":"product_cat","embeddable":true,"href":"https:\/\/www.societe-arcym.com\/index.php?rest_route=%2Fwp%2Fv2%2Fproduct_cat&post=2712"},{"taxonomy":"product_tag","embeddable":true,"href":"https:\/\/www.societe-arcym.com\/index.php?rest_route=%2Fwp%2Fv2%2Fproduct_tag&post=2712"}],"curies":[{"name":"wp","href":"https:\/\/api.w.org\/{rel}","templated":true}]}}