{"id":2714,"date":"2025-02-03T09:29:16","date_gmt":"2025-02-03T08:29:16","guid":{"rendered":"https:\/\/societe-arcym.com\/?post_type=product&#038;p=2714"},"modified":"2025-02-28T22:51:33","modified_gmt":"2025-02-28T21:51:33","slug":"casque-de-securite-industrielle","status":"publish","type":"product","link":"https:\/\/www.societe-arcym.com\/?product=casque-de-securite-industrielle","title":{"rendered":"Casque de s\u00e9curit\u00e9 industrielle"},"content":{"rendered":"<p>Casque de s\u00e9curit\u00e9 industrielle pour soudeur, capot de soudage masque de protection<br \/>\nSp\u00e9cification<\/p>\n<p><strong>Couleur :\u00a0<\/strong>Noir<\/p>\n<p><strong>Mat\u00e9riel :\u00a0<\/strong>PP + PE<\/p>\n<p><strong>Poids :\u00a0<\/strong>368g<\/p>\n<p><strong>Couleur de la lentille :\u00a0<\/strong>Plusieurs options de couleur<\/p>\n","protected":false},"excerpt":{"rendered":"<p>Casque de s\u00e9curit\u00e9 industrielle pour soudeur, capot de soudage masque de protection Sp\u00e9cification Couleur :\u00a0Noir Mat\u00e9riel :\u00a0PP + PE Poids :\u00a0368g Couleur de la lentille :\u00a0Plusieurs options de couleur<\/p>\n","protected":false},"featured_media":2064,"comment_status":"open","ping_status":"closed","template":"","meta":[],"product_brand":[],"product_cat":[74],"product_tag":[],"class_list":{"0":"post-2714","1":"product","2":"type-product","3":"status-publish","4":"has-post-thumbnail","6":"product_cat-tete","8":"first","9":"instock","10":"shipping-taxable","11":"product-type-simple"},"_links":{"self":[{"href":"https:\/\/www.societe-arcym.com\/index.php?rest_route=\/wp\/v2\/product\/2714","targetHints":{"allow":["GET"]}}],"collection":[{"href":"https:\/\/www.societe-arcym.com\/index.php?rest_route=\/wp\/v2\/product"}],"about":[{"href":"https:\/\/www.societe-arcym.com\/index.php?rest_route=\/wp\/v2\/types\/product"}],"replies":[{"embeddable":true,"href":"https:\/\/www.societe-arcym.com\/index.php?rest_route=%2Fwp%2Fv2%2Fcomments&post=2714"}],"wp:featuredmedia":[{"embeddable":true,"href":"https:\/\/www.societe-arcym.com\/index.php?rest_route=\/wp\/v2\/media\/2064"}],"wp:attachment":[{"href":"https:\/\/www.societe-arcym.com\/index.php?rest_route=%2Fwp%2Fv2%2Fmedia&parent=2714"}],"wp:term":[{"taxonomy":"product_brand","embeddable":true,"href":"https:\/\/www.societe-arcym.com\/index.php?rest_route=%2Fwp%2Fv2%2Fproduct_brand&post=2714"},{"taxonomy":"product_cat","embeddable":true,"href":"https:\/\/www.societe-arcym.com\/index.php?rest_route=%2Fwp%2Fv2%2Fproduct_cat&post=2714"},{"taxonomy":"product_tag","embeddable":true,"href":"https:\/\/www.societe-arcym.com\/index.php?rest_route=%2Fwp%2Fv2%2Fproduct_tag&post=2714"}],"curies":[{"name":"wp","href":"https:\/\/api.w.org\/{rel}","templated":true}]}}