{"id":2715,"date":"2025-02-03T09:31:34","date_gmt":"2025-02-03T08:31:34","guid":{"rendered":"https:\/\/societe-arcym.com\/?post_type=product&#038;p=2715"},"modified":"2025-02-15T00:17:41","modified_gmt":"2025-02-14T23:17:41","slug":"casque-g3000","status":"publish","type":"product","link":"https:\/\/www.societe-arcym.com\/?product=casque-g3000","title":{"rendered":"Casque G3000"},"content":{"rendered":"<p>Casque G3000<br \/>\nVisi\u00e8re grillag\u00e9e ou en polycarboate,<br \/>\nUne protection efficace pour la t\u00eate, le visage\u00a0et\u00a0l&rsquo;ou\u00efe<\/p>\n","protected":false},"excerpt":{"rendered":"<p>Casque G3000 Visi\u00e8re grillag\u00e9e ou en polycarboate, Une protection efficace pour la t\u00eate, le visage\u00a0et\u00a0l&rsquo;ou\u00efe<\/p>\n","protected":false},"featured_media":2044,"comment_status":"open","ping_status":"closed","template":"","meta":[],"product_brand":[],"product_cat":[74],"product_tag":[],"class_list":{"0":"post-2715","1":"product","2":"type-product","3":"status-publish","4":"has-post-thumbnail","6":"product_cat-tete","8":"first","9":"instock","10":"shipping-taxable","11":"product-type-simple"},"_links":{"self":[{"href":"https:\/\/www.societe-arcym.com\/index.php?rest_route=\/wp\/v2\/product\/2715","targetHints":{"allow":["GET"]}}],"collection":[{"href":"https:\/\/www.societe-arcym.com\/index.php?rest_route=\/wp\/v2\/product"}],"about":[{"href":"https:\/\/www.societe-arcym.com\/index.php?rest_route=\/wp\/v2\/types\/product"}],"replies":[{"embeddable":true,"href":"https:\/\/www.societe-arcym.com\/index.php?rest_route=%2Fwp%2Fv2%2Fcomments&post=2715"}],"wp:featuredmedia":[{"embeddable":true,"href":"https:\/\/www.societe-arcym.com\/index.php?rest_route=\/wp\/v2\/media\/2044"}],"wp:attachment":[{"href":"https:\/\/www.societe-arcym.com\/index.php?rest_route=%2Fwp%2Fv2%2Fmedia&parent=2715"}],"wp:term":[{"taxonomy":"product_brand","embeddable":true,"href":"https:\/\/www.societe-arcym.com\/index.php?rest_route=%2Fwp%2Fv2%2Fproduct_brand&post=2715"},{"taxonomy":"product_cat","embeddable":true,"href":"https:\/\/www.societe-arcym.com\/index.php?rest_route=%2Fwp%2Fv2%2Fproduct_cat&post=2715"},{"taxonomy":"product_tag","embeddable":true,"href":"https:\/\/www.societe-arcym.com\/index.php?rest_route=%2Fwp%2Fv2%2Fproduct_tag&post=2715"}],"curies":[{"name":"wp","href":"https:\/\/api.w.org\/{rel}","templated":true}]}}