{"id":2718,"date":"2025-02-03T09:45:11","date_gmt":"2025-02-03T08:45:11","guid":{"rendered":"https:\/\/societe-arcym.com\/?post_type=product&#038;p=2718"},"modified":"2025-03-01T20:36:02","modified_gmt":"2025-03-01T19:36:02","slug":"bouchon-doreille-en-forme-darbre-de-noel","status":"publish","type":"product","link":"https:\/\/www.societe-arcym.com\/?product=bouchon-doreille-en-forme-darbre-de-noel","title":{"rendered":"Bouchons d&rsquo;oreilles \u00e0 3 franges"},"content":{"rendered":"<p>Bouchons d&rsquo;oreilles \u00e0 3 franges<\/p>\n<p><strong>Mat\u00e9riel :\u00a0<\/strong>Avantage et caract\u00e9ristique<\/p>\n<p><strong>R\u00e9duction du bruit :\u00a0<\/strong>SNR:32dB.NNR:25dB.<\/p>\n<p>1. Le polym\u00e8re doux et hypoallerg\u00e9nique est lavable et r\u00e9utilisable.<br \/>\n2. Le cordon pratique garde le bouchons d&rsquo;oreille \u00e0 port\u00e9e de main et r\u00e9duit les pertes.<br \/>\n3. Les Bouchons d&rsquo;oreille de champignon sont doux et flexibles<br \/>\n4. Laver facilement avec du savon et de l&rsquo;eau pour un usage multiple.<\/p>\n<p><strong>Certification :\u00a0<\/strong>ANSI.CE.AS\/NZS.\u00a0Port\u00e9e.\u00a0Pro65<\/p>\n","protected":false},"excerpt":{"rendered":"<p>Bouchons d&rsquo;oreilles \u00e0 3 franges Mat\u00e9riel :\u00a0Avantage et caract\u00e9ristique R\u00e9duction du bruit :\u00a0SNR:32dB.NNR:25dB. 1. Le polym\u00e8re doux et hypoallerg\u00e9nique est lavable et r\u00e9utilisable. 2. Le cordon pratique garde le bouchons d&rsquo;oreille \u00e0 port\u00e9e de main et r\u00e9duit les pertes. 3. Les Bouchons d&rsquo;oreille de champignon sont doux et flexibles 4. Laver facilement avec du savon [&hellip;]<\/p>\n","protected":false},"featured_media":2104,"comment_status":"open","ping_status":"closed","template":"","meta":[],"product_brand":[],"product_cat":[74],"product_tag":[],"class_list":{"0":"post-2718","1":"product","2":"type-product","3":"status-publish","4":"has-post-thumbnail","6":"product_cat-tete","8":"first","9":"instock","10":"shipping-taxable","11":"product-type-simple"},"_links":{"self":[{"href":"https:\/\/www.societe-arcym.com\/index.php?rest_route=\/wp\/v2\/product\/2718","targetHints":{"allow":["GET"]}}],"collection":[{"href":"https:\/\/www.societe-arcym.com\/index.php?rest_route=\/wp\/v2\/product"}],"about":[{"href":"https:\/\/www.societe-arcym.com\/index.php?rest_route=\/wp\/v2\/types\/product"}],"replies":[{"embeddable":true,"href":"https:\/\/www.societe-arcym.com\/index.php?rest_route=%2Fwp%2Fv2%2Fcomments&post=2718"}],"wp:featuredmedia":[{"embeddable":true,"href":"https:\/\/www.societe-arcym.com\/index.php?rest_route=\/wp\/v2\/media\/2104"}],"wp:attachment":[{"href":"https:\/\/www.societe-arcym.com\/index.php?rest_route=%2Fwp%2Fv2%2Fmedia&parent=2718"}],"wp:term":[{"taxonomy":"product_brand","embeddable":true,"href":"https:\/\/www.societe-arcym.com\/index.php?rest_route=%2Fwp%2Fv2%2Fproduct_brand&post=2718"},{"taxonomy":"product_cat","embeddable":true,"href":"https:\/\/www.societe-arcym.com\/index.php?rest_route=%2Fwp%2Fv2%2Fproduct_cat&post=2718"},{"taxonomy":"product_tag","embeddable":true,"href":"https:\/\/www.societe-arcym.com\/index.php?rest_route=%2Fwp%2Fv2%2Fproduct_tag&post=2718"}],"curies":[{"name":"wp","href":"https:\/\/api.w.org\/{rel}","templated":true}]}}