{"id":3213,"date":"2025-02-15T08:03:20","date_gmt":"2025-02-15T07:03:20","guid":{"rendered":"https:\/\/societe-arcym.com\/?post_type=product&#038;p=3213"},"modified":"2025-02-28T22:32:32","modified_gmt":"2025-02-28T21:32:32","slug":"casque-anti-bruit-3m-nnr-27db","status":"publish","type":"product","link":"https:\/\/www.societe-arcym.com\/?product=casque-anti-bruit-3m-nnr-27db","title":{"rendered":"Casque anti bruit 3M NNR 27dB"},"content":{"rendered":"<p>Casque anti bruit 3M NNR 27dB<\/p>\n<p><strong>\u00a0Sp\u00e9cification\u00a0 :\u00a0<\/strong>R\u00e9duction du bruit NNR 27dB<\/p>\n<p><strong>Taille :\u00a0<\/strong>Une Taille Adapte Plus<\/p>\n<p><strong>Couleur :\u00a0<\/strong>Noir, Chartreuse<\/p>\n<p>Con\u00e7u pour le confort et une excellente r\u00e9duction du bruit<\/p>\n<p>Les prot\u00e8ge-oreilles de la s\u00e9rie 3M\u2122 PELTOR\u2122 X sont con\u00e7us pour le confort et une excellente r\u00e9duction du bruit lors des travaux difficiles o\u00f9 les sons forts sont fr\u00e9quents.<\/p>\n","protected":false},"excerpt":{"rendered":"<p>Casque anti bruit 3M NNR 27dB \u00a0Sp\u00e9cification\u00a0 :\u00a0R\u00e9duction du bruit NNR 27dB Taille :\u00a0Une Taille Adapte Plus Couleur :\u00a0Noir, Chartreuse Con\u00e7u pour le confort et une excellente r\u00e9duction du bruit Les prot\u00e8ge-oreilles de la s\u00e9rie 3M\u2122 PELTOR\u2122 X sont con\u00e7us pour le confort et une excellente r\u00e9duction du bruit lors des travaux difficiles o\u00f9 les [&hellip;]<\/p>\n","protected":false},"featured_media":2095,"comment_status":"open","ping_status":"closed","template":"","meta":[],"product_brand":[],"product_cat":[74],"product_tag":[],"class_list":{"0":"post-3213","1":"product","2":"type-product","3":"status-publish","4":"has-post-thumbnail","6":"product_cat-tete","8":"first","9":"instock","10":"shipping-taxable","11":"product-type-simple"},"_links":{"self":[{"href":"https:\/\/www.societe-arcym.com\/index.php?rest_route=\/wp\/v2\/product\/3213","targetHints":{"allow":["GET"]}}],"collection":[{"href":"https:\/\/www.societe-arcym.com\/index.php?rest_route=\/wp\/v2\/product"}],"about":[{"href":"https:\/\/www.societe-arcym.com\/index.php?rest_route=\/wp\/v2\/types\/product"}],"replies":[{"embeddable":true,"href":"https:\/\/www.societe-arcym.com\/index.php?rest_route=%2Fwp%2Fv2%2Fcomments&post=3213"}],"wp:featuredmedia":[{"embeddable":true,"href":"https:\/\/www.societe-arcym.com\/index.php?rest_route=\/wp\/v2\/media\/2095"}],"wp:attachment":[{"href":"https:\/\/www.societe-arcym.com\/index.php?rest_route=%2Fwp%2Fv2%2Fmedia&parent=3213"}],"wp:term":[{"taxonomy":"product_brand","embeddable":true,"href":"https:\/\/www.societe-arcym.com\/index.php?rest_route=%2Fwp%2Fv2%2Fproduct_brand&post=3213"},{"taxonomy":"product_cat","embeddable":true,"href":"https:\/\/www.societe-arcym.com\/index.php?rest_route=%2Fwp%2Fv2%2Fproduct_cat&post=3213"},{"taxonomy":"product_tag","embeddable":true,"href":"https:\/\/www.societe-arcym.com\/index.php?rest_route=%2Fwp%2Fv2%2Fproduct_tag&post=3213"}],"curies":[{"name":"wp","href":"https:\/\/api.w.org\/{rel}","templated":true}]}}