{"id":3216,"date":"2025-02-15T08:48:05","date_gmt":"2025-02-15T07:48:05","guid":{"rendered":"https:\/\/societe-arcym.com\/?post_type=product&#038;p=3216"},"modified":"2025-02-15T08:48:05","modified_gmt":"2025-02-15T07:48:05","slug":"lunettes-de-securite","status":"publish","type":"product","link":"https:\/\/www.societe-arcym.com\/?product=lunettes-de-securite","title":{"rendered":"Lunettes de s\u00e9curit\u00e9"},"content":{"rendered":"<p><strong>Nom du produit :\u00a0<\/strong>Lunettes de s\u00e9curit\u00e9<\/p>\n<p><strong>Mat\u00e9riaux :\u00a0<\/strong>PC<\/p>\n<p><strong>\u00c9paisseur de la lentille :\u00a0<\/strong>2mm<\/p>\n<p><strong>Caract\u00e9ristique :\u00a0<\/strong>Coupe-vent, anti-poussi\u00e8re<\/p>\n<p><strong>Couleur de la lentille :\u00a0<\/strong>Transparent<\/p>\n<p><strong>Couleur du cadre :\u00a0<\/strong>Transparent<\/p>\n<p><strong>Poids :\u00a0<\/strong>30g<\/p>\n","protected":false},"excerpt":{"rendered":"<p>Nom du produit :\u00a0Lunettes de s\u00e9curit\u00e9 Mat\u00e9riaux :\u00a0PC \u00c9paisseur de la lentille :\u00a02mm Caract\u00e9ristique :\u00a0Coupe-vent, anti-poussi\u00e8re Couleur de la lentille :\u00a0Transparent Couleur du cadre :\u00a0Transparent Poids :\u00a030g<\/p>\n","protected":false},"featured_media":2093,"comment_status":"open","ping_status":"closed","template":"","meta":[],"product_brand":[],"product_cat":[74],"product_tag":[],"class_list":{"0":"post-3216","1":"product","2":"type-product","3":"status-publish","4":"has-post-thumbnail","6":"product_cat-tete","8":"first","9":"instock","10":"shipping-taxable","11":"product-type-simple"},"_links":{"self":[{"href":"https:\/\/www.societe-arcym.com\/index.php?rest_route=\/wp\/v2\/product\/3216","targetHints":{"allow":["GET"]}}],"collection":[{"href":"https:\/\/www.societe-arcym.com\/index.php?rest_route=\/wp\/v2\/product"}],"about":[{"href":"https:\/\/www.societe-arcym.com\/index.php?rest_route=\/wp\/v2\/types\/product"}],"replies":[{"embeddable":true,"href":"https:\/\/www.societe-arcym.com\/index.php?rest_route=%2Fwp%2Fv2%2Fcomments&post=3216"}],"wp:featuredmedia":[{"embeddable":true,"href":"https:\/\/www.societe-arcym.com\/index.php?rest_route=\/wp\/v2\/media\/2093"}],"wp:attachment":[{"href":"https:\/\/www.societe-arcym.com\/index.php?rest_route=%2Fwp%2Fv2%2Fmedia&parent=3216"}],"wp:term":[{"taxonomy":"product_brand","embeddable":true,"href":"https:\/\/www.societe-arcym.com\/index.php?rest_route=%2Fwp%2Fv2%2Fproduct_brand&post=3216"},{"taxonomy":"product_cat","embeddable":true,"href":"https:\/\/www.societe-arcym.com\/index.php?rest_route=%2Fwp%2Fv2%2Fproduct_cat&post=3216"},{"taxonomy":"product_tag","embeddable":true,"href":"https:\/\/www.societe-arcym.com\/index.php?rest_route=%2Fwp%2Fv2%2Fproduct_tag&post=3216"}],"curies":[{"name":"wp","href":"https:\/\/api.w.org\/{rel}","templated":true}]}}