{"id":3227,"date":"2025-02-15T15:09:39","date_gmt":"2025-02-15T14:09:39","guid":{"rendered":"https:\/\/societe-arcym.com\/?post_type=product&#038;p=3227"},"modified":"2025-02-20T13:15:04","modified_gmt":"2025-02-20T12:15:04","slug":"lunettes-anti-poussiere-et-anti-buee","status":"publish","type":"product","link":"https:\/\/www.societe-arcym.com\/?product=lunettes-anti-poussiere-et-anti-buee","title":{"rendered":"Lunettes anti poussi\u00e8re et anti bu\u00e9e"},"content":{"rendered":"<p>Lunettes anti poussi\u00e8re et anti bu\u00e9e<\/p>\n<p>3M GA501 Sp\u00e9cification<\/p>\n<p>&nbsp;<\/p>\n<p>Num\u00e9ro de mod\u00e8le<\/p>\n<p><strong>R\u00e9f\u00e9rence :<\/strong> GA501<\/p>\n<p><strong>Mat\u00e9riau de la lentille :\u00a0<\/strong>Polycarbonate<\/p>\n<p>Anti-bu\u00e9e<\/p>\n<p>Anti-rayures<\/p>\n<p><strong>Emballage :\u00a0<\/strong>10 pi\u00e8ces\/bo\u00eete<\/p>\n<p><strong>Caract\u00e9ristique :\u00a0<\/strong><\/p>\n<ol>\n<li>Le rev\u00eatement anti-bu\u00e9e est lavable et a un effet anti-bu\u00e9e plus long 2. Conception de bandeau amovible pour un nettoyage facile<\/li>\n<li>Conception simplifi\u00e9e, champ de vision plus large et bonne compatibilit\u00e9 avec d&rsquo;autres EPI<\/li>\n<li>Mat\u00e9riau de bordure souple pour un port plus confortable<\/li>\n<\/ol>\n<p>5. Les lentilles transparentes en polycarbonate peuvent absorber 99.9% des rayons ultraviolets<\/p>\n","protected":false},"excerpt":{"rendered":"<p>Lunettes anti poussi\u00e8re et anti bu\u00e9e 3M GA501 Sp\u00e9cification &nbsp; Num\u00e9ro de mod\u00e8le R\u00e9f\u00e9rence : GA501 Mat\u00e9riau de la lentille :\u00a0Polycarbonate Anti-bu\u00e9e Anti-rayures Emballage :\u00a010 pi\u00e8ces\/bo\u00eete Caract\u00e9ristique :\u00a0 Le rev\u00eatement anti-bu\u00e9e est lavable et a un effet anti-bu\u00e9e plus long 2. Conception de bandeau amovible pour un nettoyage facile Conception simplifi\u00e9e, champ de vision plus [&hellip;]<\/p>\n","protected":false},"featured_media":2078,"comment_status":"open","ping_status":"closed","template":"","meta":[],"product_brand":[],"product_cat":[74],"product_tag":[],"class_list":{"0":"post-3227","1":"product","2":"type-product","3":"status-publish","4":"has-post-thumbnail","6":"product_cat-tete","8":"first","9":"instock","10":"shipping-taxable","11":"product-type-simple"},"_links":{"self":[{"href":"https:\/\/www.societe-arcym.com\/index.php?rest_route=\/wp\/v2\/product\/3227","targetHints":{"allow":["GET"]}}],"collection":[{"href":"https:\/\/www.societe-arcym.com\/index.php?rest_route=\/wp\/v2\/product"}],"about":[{"href":"https:\/\/www.societe-arcym.com\/index.php?rest_route=\/wp\/v2\/types\/product"}],"replies":[{"embeddable":true,"href":"https:\/\/www.societe-arcym.com\/index.php?rest_route=%2Fwp%2Fv2%2Fcomments&post=3227"}],"wp:featuredmedia":[{"embeddable":true,"href":"https:\/\/www.societe-arcym.com\/index.php?rest_route=\/wp\/v2\/media\/2078"}],"wp:attachment":[{"href":"https:\/\/www.societe-arcym.com\/index.php?rest_route=%2Fwp%2Fv2%2Fmedia&parent=3227"}],"wp:term":[{"taxonomy":"product_brand","embeddable":true,"href":"https:\/\/www.societe-arcym.com\/index.php?rest_route=%2Fwp%2Fv2%2Fproduct_brand&post=3227"},{"taxonomy":"product_cat","embeddable":true,"href":"https:\/\/www.societe-arcym.com\/index.php?rest_route=%2Fwp%2Fv2%2Fproduct_cat&post=3227"},{"taxonomy":"product_tag","embeddable":true,"href":"https:\/\/www.societe-arcym.com\/index.php?rest_route=%2Fwp%2Fv2%2Fproduct_tag&post=3227"}],"curies":[{"name":"wp","href":"https:\/\/api.w.org\/{rel}","templated":true}]}}