{"id":3228,"date":"2025-02-15T15:16:18","date_gmt":"2025-02-15T14:16:18","guid":{"rendered":"https:\/\/societe-arcym.com\/?post_type=product&#038;p=3228"},"modified":"2025-02-20T13:07:29","modified_gmt":"2025-02-20T12:07:29","slug":"lunettes-de-protection-de-securite-noire-3m-10435","status":"publish","type":"product","link":"https:\/\/www.societe-arcym.com\/?product=lunettes-de-protection-de-securite-noire-3m-10435","title":{"rendered":"Lunettes de protection de s\u00e9curit\u00e9 noire 3M 10435"},"content":{"rendered":"<p><strong>Caract\u00e9ristiques du produit<\/strong><\/p>\n<p>* L\u00e9ger<\/p>\n<p>* Doux, temples \u00e0 double injection<\/p>\n<p>* Lentille enveloppante<\/p>\n<p>* Lentille de manteau dur gris.<\/p>\n<p>* Lentille anti-bu\u00e9e<\/p>\n<p>* Cadre noir\/gris.<\/p>\n<p>* La lentille en polycarbonate absorbe 99.9% UV.<\/p>\n<p>* R\u00e9pond aux exigences \u00e0 impact \u00e9lev\u00e9 des Z87.1-2003 ANSI.<\/p>\n<p>&nbsp;<\/p>\n<p><strong>Application recommand\u00e9e :<\/strong><\/p>\n<p>Assemblage et m\u00e9canique, d\u00e9chiquetage, burinage, nettoyage, per\u00e7age, meulage, usinage, ma\u00e7onnerie, r\u00e9paration des m\u00e9taux, peinture,<\/p>\n<p>Coul\u00e9e\/coul\u00e9e, fixation \u00e9lectrique, rivetage, pon\u00e7age, sciage, protection UV<\/p>\n","protected":false},"excerpt":{"rendered":"<p>Caract\u00e9ristiques du produit * L\u00e9ger * Doux, temples \u00e0 double injection * Lentille enveloppante * Lentille de manteau dur gris. * Lentille anti-bu\u00e9e * Cadre noir\/gris. * La lentille en polycarbonate absorbe 99.9% UV. * R\u00e9pond aux exigences \u00e0 impact \u00e9lev\u00e9 des Z87.1-2003 ANSI. &nbsp; Application recommand\u00e9e : Assemblage et m\u00e9canique, d\u00e9chiquetage, burinage, nettoyage, per\u00e7age, [&hellip;]<\/p>\n","protected":false},"featured_media":2079,"comment_status":"open","ping_status":"closed","template":"","meta":[],"product_brand":[],"product_cat":[74],"product_tag":[],"class_list":{"0":"post-3228","1":"product","2":"type-product","3":"status-publish","4":"has-post-thumbnail","6":"product_cat-tete","8":"first","9":"instock","10":"shipping-taxable","11":"product-type-simple"},"_links":{"self":[{"href":"https:\/\/www.societe-arcym.com\/index.php?rest_route=\/wp\/v2\/product\/3228","targetHints":{"allow":["GET"]}}],"collection":[{"href":"https:\/\/www.societe-arcym.com\/index.php?rest_route=\/wp\/v2\/product"}],"about":[{"href":"https:\/\/www.societe-arcym.com\/index.php?rest_route=\/wp\/v2\/types\/product"}],"replies":[{"embeddable":true,"href":"https:\/\/www.societe-arcym.com\/index.php?rest_route=%2Fwp%2Fv2%2Fcomments&post=3228"}],"wp:featuredmedia":[{"embeddable":true,"href":"https:\/\/www.societe-arcym.com\/index.php?rest_route=\/wp\/v2\/media\/2079"}],"wp:attachment":[{"href":"https:\/\/www.societe-arcym.com\/index.php?rest_route=%2Fwp%2Fv2%2Fmedia&parent=3228"}],"wp:term":[{"taxonomy":"product_brand","embeddable":true,"href":"https:\/\/www.societe-arcym.com\/index.php?rest_route=%2Fwp%2Fv2%2Fproduct_brand&post=3228"},{"taxonomy":"product_cat","embeddable":true,"href":"https:\/\/www.societe-arcym.com\/index.php?rest_route=%2Fwp%2Fv2%2Fproduct_cat&post=3228"},{"taxonomy":"product_tag","embeddable":true,"href":"https:\/\/www.societe-arcym.com\/index.php?rest_route=%2Fwp%2Fv2%2Fproduct_tag&post=3228"}],"curies":[{"name":"wp","href":"https:\/\/api.w.org\/{rel}","templated":true}]}}