{"id":3229,"date":"2025-02-15T15:38:27","date_gmt":"2025-02-15T14:38:27","guid":{"rendered":"https:\/\/societe-arcym.com\/?post_type=product&#038;p=3229"},"modified":"2025-02-24T10:53:18","modified_gmt":"2025-02-24T09:53:18","slug":"lunettes-de-securite-teinte-uv400-sa1333a","status":"publish","type":"product","link":"https:\/\/www.societe-arcym.com\/?product=lunettes-de-securite-teinte-uv400-sa1333a","title":{"rendered":"Lunettes de s\u00e9curit\u00e9 teint\u00e9 UV400 SA1333A"},"content":{"rendered":"<p>Lunettes de se\u0301curite\u0301 teinte\u0301 UV400 SA1333A<\/p>\n<p>Mode\u0300le<\/p>\n<p><strong>Re\u0301fe\u0301rence :<\/strong> SA1333A<\/p>\n<p><strong>Lentille :\u00a0<\/strong>Lentille PC<\/p>\n<p><strong>Cadre :\u00a0<\/strong>Sans cadre<\/p>\n<p>Temples<\/p>\n<p>NA<\/p>\n<p>Nez<\/p>\n<p>Plaquette de nez antide\u0301rapante\/transparente<\/p>\n<p><strong>Norme\u00a0 :\u00a0<\/strong>Conforme a\u0300 la norme ANSI Z87.1, EN166<\/p>\n","protected":false},"excerpt":{"rendered":"<p>Lunettes de se\u0301curite\u0301 teinte\u0301 UV400 SA1333A Mode\u0300le Re\u0301fe\u0301rence : SA1333A Lentille :\u00a0Lentille PC Cadre :\u00a0Sans cadre Temples NA Nez Plaquette de nez antide\u0301rapante\/transparente Norme\u00a0 :\u00a0Conforme a\u0300 la norme ANSI Z87.1, EN166<\/p>\n","protected":false},"featured_media":2072,"comment_status":"open","ping_status":"closed","template":"","meta":[],"product_brand":[],"product_cat":[74],"product_tag":[],"class_list":{"0":"post-3229","1":"product","2":"type-product","3":"status-publish","4":"has-post-thumbnail","6":"product_cat-tete","8":"first","9":"instock","10":"shipping-taxable","11":"product-type-simple"},"_links":{"self":[{"href":"https:\/\/www.societe-arcym.com\/index.php?rest_route=\/wp\/v2\/product\/3229","targetHints":{"allow":["GET"]}}],"collection":[{"href":"https:\/\/www.societe-arcym.com\/index.php?rest_route=\/wp\/v2\/product"}],"about":[{"href":"https:\/\/www.societe-arcym.com\/index.php?rest_route=\/wp\/v2\/types\/product"}],"replies":[{"embeddable":true,"href":"https:\/\/www.societe-arcym.com\/index.php?rest_route=%2Fwp%2Fv2%2Fcomments&post=3229"}],"wp:featuredmedia":[{"embeddable":true,"href":"https:\/\/www.societe-arcym.com\/index.php?rest_route=\/wp\/v2\/media\/2072"}],"wp:attachment":[{"href":"https:\/\/www.societe-arcym.com\/index.php?rest_route=%2Fwp%2Fv2%2Fmedia&parent=3229"}],"wp:term":[{"taxonomy":"product_brand","embeddable":true,"href":"https:\/\/www.societe-arcym.com\/index.php?rest_route=%2Fwp%2Fv2%2Fproduct_brand&post=3229"},{"taxonomy":"product_cat","embeddable":true,"href":"https:\/\/www.societe-arcym.com\/index.php?rest_route=%2Fwp%2Fv2%2Fproduct_cat&post=3229"},{"taxonomy":"product_tag","embeddable":true,"href":"https:\/\/www.societe-arcym.com\/index.php?rest_route=%2Fwp%2Fv2%2Fproduct_tag&post=3229"}],"curies":[{"name":"wp","href":"https:\/\/api.w.org\/{rel}","templated":true}]}}