{"id":3230,"date":"2025-02-15T15:58:40","date_gmt":"2025-02-15T14:58:40","guid":{"rendered":"https:\/\/societe-arcym.com\/?post_type=product&#038;p=3230"},"modified":"2025-02-28T22:14:45","modified_gmt":"2025-02-28T21:14:45","slug":"bottes-de-securite-en-caoutchouc","status":"publish","type":"product","link":"https:\/\/www.societe-arcym.com\/?product=bottes-de-securite-en-caoutchouc","title":{"rendered":"Bottes de s\u00e9curit\u00e9 en caoutchouc"},"content":{"rendered":"<p><strong>Sp\u00e9cification :\u00a0<\/strong>Bottes de s\u00e9curit\u00e9 en caoutchouc<\/p>\n<p><strong>Haute Qualit\u00e9 \u00c9tanche PVC :\u00a0<\/strong><\/p>\n<p>Doublure r\u00e9sistante \u00e0 l&rsquo;abrasion Tissu Maille<\/p>\n<p><strong>Semelle :\u00a0<\/strong>Heavy Duty PVC<\/p>\n<p><strong>Test\u00e9 par :<\/strong><\/p>\n<p><strong>UK Intertek Lab (corps approuv\u00e9 :<\/strong> 0362)<\/p>\n<p>Embout en acier r\u00e9sistant aux chocs de 200 Joules<\/p>\n<p><strong>Semelle intercalaire :\u00a0<\/strong>Plaque en acier pour r\u00e9sister \u00e0 la perforation de 1100 Newtons<\/p>\n<p><strong>Taille :\u00a0<\/strong>S5 SRC Standard<\/p>\n<p><strong>EN ISO 20345<\/strong> : 2011<\/p>\n","protected":false},"excerpt":{"rendered":"<p>Sp\u00e9cification :\u00a0Bottes de s\u00e9curit\u00e9 en caoutchouc Haute Qualit\u00e9 \u00c9tanche PVC :\u00a0 Doublure r\u00e9sistante \u00e0 l&rsquo;abrasion Tissu Maille Semelle :\u00a0Heavy Duty PVC Test\u00e9 par : UK Intertek Lab (corps approuv\u00e9 : 0362) Embout en acier r\u00e9sistant aux chocs de 200 Joules Semelle intercalaire :\u00a0Plaque en acier pour r\u00e9sister \u00e0 la perforation de 1100 Newtons Taille :\u00a0S5 [&hellip;]<\/p>\n","protected":false},"featured_media":2066,"comment_status":"open","ping_status":"closed","template":"","meta":[],"product_brand":[],"product_cat":[80],"product_tag":[],"class_list":{"0":"post-3230","1":"product","2":"type-product","3":"status-publish","4":"has-post-thumbnail","6":"product_cat-chaussures","8":"first","9":"instock","10":"shipping-taxable","11":"product-type-simple"},"_links":{"self":[{"href":"https:\/\/www.societe-arcym.com\/index.php?rest_route=\/wp\/v2\/product\/3230","targetHints":{"allow":["GET"]}}],"collection":[{"href":"https:\/\/www.societe-arcym.com\/index.php?rest_route=\/wp\/v2\/product"}],"about":[{"href":"https:\/\/www.societe-arcym.com\/index.php?rest_route=\/wp\/v2\/types\/product"}],"replies":[{"embeddable":true,"href":"https:\/\/www.societe-arcym.com\/index.php?rest_route=%2Fwp%2Fv2%2Fcomments&post=3230"}],"wp:featuredmedia":[{"embeddable":true,"href":"https:\/\/www.societe-arcym.com\/index.php?rest_route=\/wp\/v2\/media\/2066"}],"wp:attachment":[{"href":"https:\/\/www.societe-arcym.com\/index.php?rest_route=%2Fwp%2Fv2%2Fmedia&parent=3230"}],"wp:term":[{"taxonomy":"product_brand","embeddable":true,"href":"https:\/\/www.societe-arcym.com\/index.php?rest_route=%2Fwp%2Fv2%2Fproduct_brand&post=3230"},{"taxonomy":"product_cat","embeddable":true,"href":"https:\/\/www.societe-arcym.com\/index.php?rest_route=%2Fwp%2Fv2%2Fproduct_cat&post=3230"},{"taxonomy":"product_tag","embeddable":true,"href":"https:\/\/www.societe-arcym.com\/index.php?rest_route=%2Fwp%2Fv2%2Fproduct_tag&post=3230"}],"curies":[{"name":"wp","href":"https:\/\/api.w.org\/{rel}","templated":true}]}}