{"id":3234,"date":"2025-02-15T16:39:33","date_gmt":"2025-02-15T15:39:33","guid":{"rendered":"https:\/\/societe-arcym.com\/?post_type=product&#038;p=3234"},"modified":"2025-02-28T22:11:55","modified_gmt":"2025-02-28T21:11:55","slug":"chaussures-de-securite-jumper3-s1p-src","status":"publish","type":"product","link":"https:\/\/www.societe-arcym.com\/?product=chaussures-de-securite-jumper3-s1p-src","title":{"rendered":"Chaussures de s\u00e9curit\u00e9 JUMPER3 S1P SRC"},"content":{"rendered":"<p>Chaussures de s\u00e9curit\u00e9 JUMPER3 S1P SRC<\/p>\n<p>Chaussure haute pour la construction robuste, pour une durabilit\u00e9 optimale<\/p>\n<p><strong>Description :<\/strong><\/p>\n<p><strong>Type de chaussure :<\/strong> Chaussure haute<\/p>\n<p><strong>Mat\u00e9riau de doublure :<\/strong> Textile &#8211; Mesh polyamide<\/p>\n<p><strong>Mat\u00e9riaux :<\/strong> EVA &#8211; Polyester<\/p>\n<p><strong>Mat\u00e9riau semelle :<\/strong> PU &#8211; 2d<\/p>\n<p><strong>Technologie de la semelle :<\/strong> Inject\u00e9e<\/p>\n<p><strong>Insert anti-perforation :<\/strong> Acier Inoxydable<\/p>\n<p><strong>Embout de s\u00e9curit\u00e9 :<\/strong> Acier Inoxydable<\/p>\n<p><strong>Poids :<\/strong> 598Gr<\/p>\n<p><strong>Couleur :<\/strong> Noir<\/p>\n","protected":false},"excerpt":{"rendered":"<p>Chaussures de s\u00e9curit\u00e9 JUMPER3 S1P SRC Chaussure haute pour la construction robuste, pour une durabilit\u00e9 optimale Description : Type de chaussure : Chaussure haute Mat\u00e9riau de doublure : Textile &#8211; Mesh polyamide Mat\u00e9riaux : EVA &#8211; Polyester Mat\u00e9riau semelle : PU &#8211; 2d Technologie de la semelle : Inject\u00e9e Insert anti-perforation : Acier Inoxydable Embout [&hellip;]<\/p>\n","protected":false},"featured_media":2039,"comment_status":"open","ping_status":"closed","template":"","meta":[],"product_brand":[],"product_cat":[80],"product_tag":[],"class_list":{"0":"post-3234","1":"product","2":"type-product","3":"status-publish","4":"has-post-thumbnail","6":"product_cat-chaussures","8":"first","9":"instock","10":"shipping-taxable","11":"product-type-simple"},"_links":{"self":[{"href":"https:\/\/www.societe-arcym.com\/index.php?rest_route=\/wp\/v2\/product\/3234","targetHints":{"allow":["GET"]}}],"collection":[{"href":"https:\/\/www.societe-arcym.com\/index.php?rest_route=\/wp\/v2\/product"}],"about":[{"href":"https:\/\/www.societe-arcym.com\/index.php?rest_route=\/wp\/v2\/types\/product"}],"replies":[{"embeddable":true,"href":"https:\/\/www.societe-arcym.com\/index.php?rest_route=%2Fwp%2Fv2%2Fcomments&post=3234"}],"wp:featuredmedia":[{"embeddable":true,"href":"https:\/\/www.societe-arcym.com\/index.php?rest_route=\/wp\/v2\/media\/2039"}],"wp:attachment":[{"href":"https:\/\/www.societe-arcym.com\/index.php?rest_route=%2Fwp%2Fv2%2Fmedia&parent=3234"}],"wp:term":[{"taxonomy":"product_brand","embeddable":true,"href":"https:\/\/www.societe-arcym.com\/index.php?rest_route=%2Fwp%2Fv2%2Fproduct_brand&post=3234"},{"taxonomy":"product_cat","embeddable":true,"href":"https:\/\/www.societe-arcym.com\/index.php?rest_route=%2Fwp%2Fv2%2Fproduct_cat&post=3234"},{"taxonomy":"product_tag","embeddable":true,"href":"https:\/\/www.societe-arcym.com\/index.php?rest_route=%2Fwp%2Fv2%2Fproduct_tag&post=3234"}],"curies":[{"name":"wp","href":"https:\/\/api.w.org\/{rel}","templated":true}]}}