{"id":3240,"date":"2025-02-17T09:45:11","date_gmt":"2025-02-17T08:45:11","guid":{"rendered":"https:\/\/societe-arcym.com\/?post_type=product&#038;p=3240"},"modified":"2025-02-28T22:06:25","modified_gmt":"2025-02-28T21:06:25","slug":"combinaison-de-protection-chimique-jetable-k40000","status":"publish","type":"product","link":"https:\/\/www.societe-arcym.com\/?product=combinaison-de-protection-chimique-jetable-k40000","title":{"rendered":"Combinaison de protection chimique jetable K40000"},"content":{"rendered":"<p>Combinaison de protection chimique jetable K40000<\/p>\n<p>CARACT\u00c9RISTIQUES:<\/p>\n<p>Haute perm\u00e9abilit\u00e9, r\u00e9duit la g\u00e9n\u00e9ration de stress thermique. Capuchon, cheville et manchette enti\u00e8rement \u00e9lastiques, maximisant le confort et la protection.EN14126,EN1073-2, EN1149-5 pass\u00e9. Type 3\/Type 4\/Type 5\/Type 6.<\/p>\n<p><strong>Mat\u00e9riel :\u00a0<\/strong>87Gramme PP + PE<\/p>\n<p><strong>Taille :\u00a0<\/strong>S-XXXL<\/p>\n<p><strong>Caract\u00e9ristique :\u00a0<\/strong>R\u00e9sistance liquide chimique<\/p>\n","protected":false},"excerpt":{"rendered":"<p>Combinaison de protection chimique jetable K40000 CARACT\u00c9RISTIQUES: Haute perm\u00e9abilit\u00e9, r\u00e9duit la g\u00e9n\u00e9ration de stress thermique. Capuchon, cheville et manchette enti\u00e8rement \u00e9lastiques, maximisant le confort et la protection.EN14126,EN1073-2, EN1149-5 pass\u00e9. Type 3\/Type 4\/Type 5\/Type 6. Mat\u00e9riel :\u00a087Gramme PP + PE Taille :\u00a0S-XXXL Caract\u00e9ristique :\u00a0R\u00e9sistance liquide chimique<\/p>\n","protected":false},"featured_media":2035,"comment_status":"open","ping_status":"closed","template":"","meta":[],"product_brand":[],"product_cat":[60],"product_tag":[],"class_list":{"0":"post-3240","1":"product","2":"type-product","3":"status-publish","4":"has-post-thumbnail","6":"product_cat-vetements","8":"first","9":"instock","10":"shipping-taxable","11":"product-type-simple"},"_links":{"self":[{"href":"https:\/\/www.societe-arcym.com\/index.php?rest_route=\/wp\/v2\/product\/3240","targetHints":{"allow":["GET"]}}],"collection":[{"href":"https:\/\/www.societe-arcym.com\/index.php?rest_route=\/wp\/v2\/product"}],"about":[{"href":"https:\/\/www.societe-arcym.com\/index.php?rest_route=\/wp\/v2\/types\/product"}],"replies":[{"embeddable":true,"href":"https:\/\/www.societe-arcym.com\/index.php?rest_route=%2Fwp%2Fv2%2Fcomments&post=3240"}],"wp:featuredmedia":[{"embeddable":true,"href":"https:\/\/www.societe-arcym.com\/index.php?rest_route=\/wp\/v2\/media\/2035"}],"wp:attachment":[{"href":"https:\/\/www.societe-arcym.com\/index.php?rest_route=%2Fwp%2Fv2%2Fmedia&parent=3240"}],"wp:term":[{"taxonomy":"product_brand","embeddable":true,"href":"https:\/\/www.societe-arcym.com\/index.php?rest_route=%2Fwp%2Fv2%2Fproduct_brand&post=3240"},{"taxonomy":"product_cat","embeddable":true,"href":"https:\/\/www.societe-arcym.com\/index.php?rest_route=%2Fwp%2Fv2%2Fproduct_cat&post=3240"},{"taxonomy":"product_tag","embeddable":true,"href":"https:\/\/www.societe-arcym.com\/index.php?rest_route=%2Fwp%2Fv2%2Fproduct_tag&post=3240"}],"curies":[{"name":"wp","href":"https:\/\/api.w.org\/{rel}","templated":true}]}}