{"id":3241,"date":"2025-02-17T10:08:04","date_gmt":"2025-02-17T09:08:04","guid":{"rendered":"https:\/\/societe-arcym.com\/?post_type=product&#038;p=3241"},"modified":"2025-02-28T22:04:19","modified_gmt":"2025-02-28T21:04:19","slug":"combinaison-jetable-3m-4510","status":"publish","type":"product","link":"https:\/\/www.societe-arcym.com\/?product=combinaison-jetable-3m-4510","title":{"rendered":"Combinaison jetable 3M 4510"},"content":{"rendered":"<p>Combinaison jetable 3M 4510 uniforme de protection de s\u00e9curit\u00e9 industrielle<\/p>\n<p>&nbsp;<\/p>\n<p><strong>Mat\u00e9riel :\u00a0<\/strong>Polyester<\/p>\n<p><strong>Couleur :\u00a0<\/strong>Blanc<\/p>\n<p><strong>Taille :\u00a0<\/strong>M-XXL<\/p>\n","protected":false},"excerpt":{"rendered":"<p>Combinaison jetable 3M 4510 uniforme de protection de s\u00e9curit\u00e9 industrielle &nbsp; Mat\u00e9riel :\u00a0Polyester Couleur :\u00a0Blanc Taille :\u00a0M-XXL<\/p>\n","protected":false},"featured_media":2625,"comment_status":"open","ping_status":"closed","template":"","meta":[],"product_brand":[],"product_cat":[60],"product_tag":[],"class_list":{"0":"post-3241","1":"product","2":"type-product","3":"status-publish","4":"has-post-thumbnail","6":"product_cat-vetements","8":"first","9":"instock","10":"shipping-taxable","11":"product-type-simple"},"_links":{"self":[{"href":"https:\/\/www.societe-arcym.com\/index.php?rest_route=\/wp\/v2\/product\/3241","targetHints":{"allow":["GET"]}}],"collection":[{"href":"https:\/\/www.societe-arcym.com\/index.php?rest_route=\/wp\/v2\/product"}],"about":[{"href":"https:\/\/www.societe-arcym.com\/index.php?rest_route=\/wp\/v2\/types\/product"}],"replies":[{"embeddable":true,"href":"https:\/\/www.societe-arcym.com\/index.php?rest_route=%2Fwp%2Fv2%2Fcomments&post=3241"}],"wp:featuredmedia":[{"embeddable":true,"href":"https:\/\/www.societe-arcym.com\/index.php?rest_route=\/wp\/v2\/media\/2625"}],"wp:attachment":[{"href":"https:\/\/www.societe-arcym.com\/index.php?rest_route=%2Fwp%2Fv2%2Fmedia&parent=3241"}],"wp:term":[{"taxonomy":"product_brand","embeddable":true,"href":"https:\/\/www.societe-arcym.com\/index.php?rest_route=%2Fwp%2Fv2%2Fproduct_brand&post=3241"},{"taxonomy":"product_cat","embeddable":true,"href":"https:\/\/www.societe-arcym.com\/index.php?rest_route=%2Fwp%2Fv2%2Fproduct_cat&post=3241"},{"taxonomy":"product_tag","embeddable":true,"href":"https:\/\/www.societe-arcym.com\/index.php?rest_route=%2Fwp%2Fv2%2Fproduct_tag&post=3241"}],"curies":[{"name":"wp","href":"https:\/\/api.w.org\/{rel}","templated":true}]}}