{"id":3242,"date":"2025-02-17T10:13:05","date_gmt":"2025-02-17T09:13:05","guid":{"rendered":"https:\/\/societe-arcym.com\/?post_type=product&#038;p=3242"},"modified":"2025-02-28T22:03:29","modified_gmt":"2025-02-28T21:03:29","slug":"3242","status":"publish","type":"product","link":"https:\/\/www.societe-arcym.com\/?product=3242","title":{"rendered":"Blouse de laboratoire jetable non tiss\u00e9e"},"content":{"rendered":"<p><strong>Nom du produit : <\/strong>Blouse de laboratoire jetable non tiss\u00e9e PP\/SMS<\/p>\n<p><strong>Mat\u00e9riel :\u00a0<\/strong><\/p>\n<p><strong>Poids :\u00a0<\/strong>35gsm<\/p>\n<p><strong>Taille : <\/strong>S\/M\/L\/XL\/XXL;<\/p>\n<p><strong>Couleur :\u00a0<\/strong>Blanc\/Bleu<\/p>\n<p><strong>Caract\u00e9ristiques :\u00a0<\/strong>respirant, confortable,Hygi\u00e9nique,Biod\u00e9gradable, Non-toxique, non-Irritant,Hypoallerg\u00e9nique et sans latex<\/p>\n<p><strong>Application :\u00a0<\/strong>Laboratoires, usines, centres immobiliers, salles d&rsquo;exposition, mus\u00e9es, biblioth\u00e8ques, hOspitals, cliniques,Pharmacies, Industrie alimentaire, industrie \u00e9lectronique,Etc.<\/p>\n<p><strong>Certificats :\u00a0<\/strong>ISO9001<\/p>\n","protected":false},"excerpt":{"rendered":"<p>Nom du produit : Blouse de laboratoire jetable non tiss\u00e9e PP\/SMS Mat\u00e9riel :\u00a0 Poids :\u00a035gsm Taille : S\/M\/L\/XL\/XXL; Couleur :\u00a0Blanc\/Bleu Caract\u00e9ristiques :\u00a0respirant, confortable,Hygi\u00e9nique,Biod\u00e9gradable, Non-toxique, non-Irritant,Hypoallerg\u00e9nique et sans latex Application :\u00a0Laboratoires, usines, centres immobiliers, salles d&rsquo;exposition, mus\u00e9es, biblioth\u00e8ques, hOspitals, cliniques,Pharmacies, Industrie alimentaire, industrie \u00e9lectronique,Etc. Certificats :\u00a0ISO9001<\/p>\n","protected":false},"featured_media":2626,"comment_status":"open","ping_status":"closed","template":"","meta":[],"product_brand":[],"product_cat":[81],"product_tag":[],"class_list":{"0":"post-3242","1":"product","2":"type-product","3":"status-publish","4":"has-post-thumbnail","6":"product_cat-hygiene","8":"first","9":"instock","10":"shipping-taxable","11":"product-type-simple"},"_links":{"self":[{"href":"https:\/\/www.societe-arcym.com\/index.php?rest_route=\/wp\/v2\/product\/3242","targetHints":{"allow":["GET"]}}],"collection":[{"href":"https:\/\/www.societe-arcym.com\/index.php?rest_route=\/wp\/v2\/product"}],"about":[{"href":"https:\/\/www.societe-arcym.com\/index.php?rest_route=\/wp\/v2\/types\/product"}],"replies":[{"embeddable":true,"href":"https:\/\/www.societe-arcym.com\/index.php?rest_route=%2Fwp%2Fv2%2Fcomments&post=3242"}],"wp:featuredmedia":[{"embeddable":true,"href":"https:\/\/www.societe-arcym.com\/index.php?rest_route=\/wp\/v2\/media\/2626"}],"wp:attachment":[{"href":"https:\/\/www.societe-arcym.com\/index.php?rest_route=%2Fwp%2Fv2%2Fmedia&parent=3242"}],"wp:term":[{"taxonomy":"product_brand","embeddable":true,"href":"https:\/\/www.societe-arcym.com\/index.php?rest_route=%2Fwp%2Fv2%2Fproduct_brand&post=3242"},{"taxonomy":"product_cat","embeddable":true,"href":"https:\/\/www.societe-arcym.com\/index.php?rest_route=%2Fwp%2Fv2%2Fproduct_cat&post=3242"},{"taxonomy":"product_tag","embeddable":true,"href":"https:\/\/www.societe-arcym.com\/index.php?rest_route=%2Fwp%2Fv2%2Fproduct_tag&post=3242"}],"curies":[{"name":"wp","href":"https:\/\/api.w.org\/{rel}","templated":true}]}}